{"id":101,"date":"2016-09-22T09:47:57","date_gmt":"2016-09-22T07:47:57","guid":{"rendered":"http:\/\/sinfonia-baden.ch\/wp_index.php\/?page_id=101"},"modified":"2024-01-15T21:37:11","modified_gmt":"2024-01-15T20:37:11","slug":"unterstuetzung","status":"publish","type":"page","link":"https:\/\/sinfonia-baden.ch\/?page_id=101","title":{"rendered":"Patenschaft"},"content":{"rendered":"<h3>Namhafte Pers\u00f6nlichkeiten stehen zu Sinfonia Baden<strong><br \/>\n<\/strong><\/h3>\n<p>&nbsp;<\/p>\n<p><span class=\"image-block caption-not-show\"><img loading=\"lazy\" decoding=\"async\" class=\" wp-image-361 alignleft\" src=\"https:\/\/sinfonia-baden.ch\/wp-content\/uploads\/2016\/09\/bild-21-200x300.jpg\" alt=\"\" width=\"157\" height=\"236\" \/><\/span><\/p>\n<p>\u00abMusik ist eine \u00fcberall verst\u00e4ndliche Sprache; eine, die verbindet, die T\u00fcren \u00f6ffnet und damit das Leben bereichert.<br \/>\nDiesem Ziel widmet sich mit neuem Schwung die Sinfonia Baden.\u00bb<\/p>\n<p><em>Christine Egerszegi-Obrist<br \/>\nAlt-St\u00e4nder\u00e4tin, Mellingen<\/em><br \/>\n<em> Gotte der Sinfonia Baden<strong><br \/>\n<\/strong><\/em><\/p>\n<p>&nbsp;<\/p>\n<p>&nbsp;<\/p>\n<p><img loading=\"lazy\" decoding=\"async\" class=\"wp-image-353 alignright\" src=\"https:\/\/sinfonia-baden.ch\/wp-content\/uploads\/2016\/09\/bild-13-1-200x300.jpg\" alt=\"\" width=\"165\" height=\"248\" \/><\/p>\n<p>\u00abDer Name ist neu \u2013 bleiben wird die Verbundenheit zur Region Baden und die Liebe zur Musik, zum gemeinsamen Gestalten und Erleben, zum Teilen und Weitergeben.<br \/>\nDas neue Gewand \u2039Sinfonia\u203a wird dem Orchester bestens stehen.\u00bb<\/p>\n<p><em>Daniel Schaerer<br \/>\nCellist, Lenzburg<br \/>\nG\u00f6tti der Sinfonia Baden<\/em><\/p>\n","protected":false},"excerpt":{"rendered":"<p>Namhafte Pers\u00f6nlichkeiten stehen zu Sinfonia Baden &nbsp; \u00abMusik ist eine \u00fcberall verst\u00e4ndliche Sprache; eine, die verbindet, die T\u00fcren \u00f6ffnet und damit das Leben bereichert. Diesem Ziel widmet sich mit neuem Schwung die Sinfonia Baden.\u00bb Christine Egerszegi-Obrist Alt-St\u00e4nder\u00e4tin, Mellingen Gotte der <a class=\"more-link\" href=\"https:\/\/sinfonia-baden.ch\/?page_id=101\">weiterlesen&#8230;<\/a><\/p>\n","protected":false},"author":9,"featured_media":0,"parent":2990,"menu_order":3,"comment_status":"closed","ping_status":"closed","template":"","meta":{"footnotes":""},"class_list":["post-101","page","type-page","status-publish","hentry"],"_links":{"self":[{"href":"https:\/\/sinfonia-baden.ch\/index.php?rest_route=\/wp\/v2\/pages\/101","targetHints":{"allow":["GET"]}}],"collection":[{"href":"https:\/\/sinfonia-baden.ch\/index.php?rest_route=\/wp\/v2\/pages"}],"about":[{"href":"https:\/\/sinfonia-baden.ch\/index.php?rest_route=\/wp\/v2\/types\/page"}],"author":[{"embeddable":true,"href":"https:\/\/sinfonia-baden.ch\/index.php?rest_route=\/wp\/v2\/users\/9"}],"replies":[{"embeddable":true,"href":"https:\/\/sinfonia-baden.ch\/index.php?rest_route=%2Fwp%2Fv2%2Fcomments&post=101"}],"version-history":[{"count":27,"href":"https:\/\/sinfonia-baden.ch\/index.php?rest_route=\/wp\/v2\/pages\/101\/revisions"}],"predecessor-version":[{"id":3010,"href":"https:\/\/sinfonia-baden.ch\/index.php?rest_route=\/wp\/v2\/pages\/101\/revisions\/3010"}],"up":[{"embeddable":true,"href":"https:\/\/sinfonia-baden.ch\/index.php?rest_route=\/wp\/v2\/pages\/2990"}],"wp:attachment":[{"href":"https:\/\/sinfonia-baden.ch\/index.php?rest_route=%2Fwp%2Fv2%2Fmedia&parent=101"}],"curies":[{"name":"wp","href":"https:\/\/api.w.org\/{rel}","templated":true}]}}