{"id":11,"date":"2016-09-20T22:02:27","date_gmt":"2016-09-20T20:02:27","guid":{"rendered":"http:\/\/sinfonia-baden.ch\/wp_index.php\/?page_id=11"},"modified":"2025-09-03T18:01:11","modified_gmt":"2025-09-03T16:01:11","slug":"juni-konzert","status":"publish","type":"page","link":"https:\/\/sinfonia-baden.ch\/?page_id=11","title":{"rendered":"Juni 2026"},"content":{"rendered":"<p><img loading=\"lazy\" decoding=\"async\" class=\"alignright wp-image-3275\" src=\"https:\/\/sinfonia-baden.ch\/wp-content\/uploads\/2025\/09\/Bild_Jul26_Konzert.png\" alt=\"\" width=\"515\" height=\"319\" srcset=\"https:\/\/sinfonia-baden.ch\/wp-content\/uploads\/2025\/09\/Bild_Jul26_Konzert.png 2392w, https:\/\/sinfonia-baden.ch\/wp-content\/uploads\/2025\/09\/Bild_Jul26_Konzert-300x186.png 300w, https:\/\/sinfonia-baden.ch\/wp-content\/uploads\/2025\/09\/Bild_Jul26_Konzert-1024x634.png 1024w, https:\/\/sinfonia-baden.ch\/wp-content\/uploads\/2025\/09\/Bild_Jul26_Konzert-768x475.png 768w, https:\/\/sinfonia-baden.ch\/wp-content\/uploads\/2025\/09\/Bild_Jul26_Konzert-100x62.png 100w, https:\/\/sinfonia-baden.ch\/wp-content\/uploads\/2025\/09\/Bild_Jul26_Konzert-1536x950.png 1536w, https:\/\/sinfonia-baden.ch\/wp-content\/uploads\/2025\/09\/Bild_Jul26_Konzert-2048x1267.png 2048w, https:\/\/sinfonia-baden.ch\/wp-content\/uploads\/2025\/09\/Bild_Jul26_Konzert-1320x817.png 1320w\" sizes=\"auto, (max-width: 515px) 100vw, 515px\" \/><\/p>\n<h1>\u00ab<strong>Grosse Festivit\u00e4ten\u00bb<\/strong><\/h1>\n<p class=\"cvGsUA direction-ltr align-justify para-style-body\"><span class=\"a_GcMg font-feature-liga-off font-feature-clig-off font-feature-calt-off text-decoration-none text-strikethrough-none\">Was sind die gr\u00f6ssten Highlights f\u00fcr die Musikerinnen und Musiker der Sinfonia?<\/span><\/p>\n<p class=\"cvGsUA direction-ltr align-justify para-style-body\"><span class=\"a_GcMg font-feature-liga-off font-feature-clig-off font-feature-calt-off text-decoration-none text-strikethrough-none\">Aufgrund der R\u00fcckmeldungen nach den Konzerten ist es wohl die Zusammenarbeit mit anderen K\u00fcnstlern. Seien es Komponisten, Zuz\u00fcger oder Solisten \u2013 sie alle bringen ihre musikalischen Ideen mit und lassen uns dadurch immer wieder neue Erfahrungen machen. Aus diesem Grund hat die Sinfonia f\u00fcr den dritten Teil des Jubil\u00e4ums gleich eine ganze Menge G\u00e4ste auf die gemeinsame Konzertb\u00fchne eingeladen:<\/span><\/p>\n<p class=\"cvGsUA direction-ltr align-justify para-style-body\"><span class=\"a_GcMg font-feature-liga-off font-feature-clig-off font-feature-calt-off text-decoration-none text-strikethrough-none\">Die Band <strong>Otrava<\/strong> rund um den Geiger <strong>Mischa Tapernoux<\/strong> ist durch ihre Mitglieder mit der Region Baden verwurzelt. Stilistisch zwischen Klezmer und Gipsy unterwegs, lassen sich die Musikerinnen und Musiker auf ein orchestrales Abenteuer mit der Sinfonia Baden ein.<\/span><\/p>\n<p class=\"cvGsUA direction-ltr align-justify para-style-body\"><span class=\"a_GcMg font-feature-liga-off font-feature-clig-off font-feature-calt-off text-decoration-none text-strikethrough-none\">Abgerundet wird das Klangfeuerwerk durch den Chor <strong>Coro sonoro<\/strong> unter der Leitung von <strong>Margret Sohn<\/strong>. Der Chor aus Kirchdorf pflegt seit geraumer Zeit eine grosse stilistische Vielfalt und erg\u00e4nzt deshalb Orchester und Band perfekt zu einem einmaligen Konzerterlebnis.<\/span><\/p>\n<p>Sie h\u00f6ren am <strong>Samstag, 13. Juni 2026, 19.30 Uhr <\/strong>UND am<strong> Sonntag, 14. Juni 2026, 17.00 Uhr <\/strong>in der <strong>Trafohalle Baden<\/strong>\u00a0e<span class=\"a_GcMg font-feature-liga-off font-feature-clig-off font-feature-calt-off text-decoration-none text-strikethrough-none\">in Programm <\/span><span class=\"a_GcMg font-feature-liga-off font-feature-clig-off font-feature-calt-off text-decoration-none text-strikethrough-none\">mit speziell f\u00fcr diesen Anlass erstellten Arrangements f\u00fcr diese aussergew\u00f6hnliche Kombination von Ensembles.<\/span><\/p>\n","protected":false},"excerpt":{"rendered":"<p>\u00abGrosse Festivit\u00e4ten\u00bb Was sind die gr\u00f6ssten Highlights f\u00fcr die Musikerinnen und Musiker der Sinfonia? Aufgrund der R\u00fcckmeldungen nach den Konzerten ist es wohl die Zusammenarbeit mit anderen K\u00fcnstlern. Seien es Komponisten, Zuz\u00fcger oder Solisten \u2013 sie alle bringen ihre musikalischen <a class=\"more-link\" href=\"https:\/\/sinfonia-baden.ch\/?page_id=11\">weiterlesen&#8230;<\/a><\/p>\n","protected":false},"author":9,"featured_media":0,"parent":13,"menu_order":2,"comment_status":"closed","ping_status":"closed","template":"","meta":{"footnotes":""},"class_list":["post-11","page","type-page","status-publish","hentry"],"_links":{"self":[{"href":"https:\/\/sinfonia-baden.ch\/index.php?rest_route=\/wp\/v2\/pages\/11","targetHints":{"allow":["GET"]}}],"collection":[{"href":"https:\/\/sinfonia-baden.ch\/index.php?rest_route=\/wp\/v2\/pages"}],"about":[{"href":"https:\/\/sinfonia-baden.ch\/index.php?rest_route=\/wp\/v2\/types\/page"}],"author":[{"embeddable":true,"href":"https:\/\/sinfonia-baden.ch\/index.php?rest_route=\/wp\/v2\/users\/9"}],"replies":[{"embeddable":true,"href":"https:\/\/sinfonia-baden.ch\/index.php?rest_route=%2Fwp%2Fv2%2Fcomments&post=11"}],"version-history":[{"count":71,"href":"https:\/\/sinfonia-baden.ch\/index.php?rest_route=\/wp\/v2\/pages\/11\/revisions"}],"predecessor-version":[{"id":3276,"href":"https:\/\/sinfonia-baden.ch\/index.php?rest_route=\/wp\/v2\/pages\/11\/revisions\/3276"}],"up":[{"embeddable":true,"href":"https:\/\/sinfonia-baden.ch\/index.php?rest_route=\/wp\/v2\/pages\/13"}],"wp:attachment":[{"href":"https:\/\/sinfonia-baden.ch\/index.php?rest_route=%2Fwp%2Fv2%2Fmedia&parent=11"}],"curies":[{"name":"wp","href":"https:\/\/api.w.org\/{rel}","templated":true}]}}