{"id":125,"date":"2016-09-22T10:41:40","date_gmt":"2016-09-22T08:41:40","guid":{"rendered":"http:\/\/sinfonia-baden.ch\/wp_index.php\/?page_id=125"},"modified":"2025-08-24T13:46:02","modified_gmt":"2025-08-24T11:46:02","slug":"mitspielen","status":"publish","type":"page","link":"https:\/\/sinfonia-baden.ch\/?page_id=125","title":{"rendered":"Mitspielen"},"content":{"rendered":"<h2>Mitspielen in der Sinfonia Baden<\/h2>\n<h5>Wir suchen laufend begeisterungsf\u00e4hige Musiker-\/Innen mit soliden Grundkenntnissen<\/h5>\n<p>Die Sinfonia Baden bietet jungen sowie erfahrenen Laienmusikern eine inspirierende Orchesterumgebung unter professioneller Leitung. Rund ein Viertel der Musikerinnen und Musiker ist unter 30 Jahre alt.<\/p>\n<p>Junge, talentierte, aufstrebende Profi-Musikerinnen und -Musiker finden im versierten Orchesterrahmen eine wertvolle Auftrittsm\u00f6glichkeit. Gleichzeitig bietet der Zusammenklang mit professionellen, etablierten Solisten und Ensembles eine fantastische Herausforderung f\u00fcr die Sinfonia Baden. Oft entstehen langj\u00e4hrige, musikalische und freundschaftliche Verbindungen mit den professionellen Musikern, wie unsere Programme \u00fcber die letzten Jahrzehnte zeigen.<\/p>\n<p>Die Sinfonia Baden ist zu einem \u00fcber die Region ausstrahlenden Laienorchester mit viel Potential und M\u00f6glichkeiten gewachsen.<\/p>\n<p>Melde dich also gern bei uns und kommt zu einer Probe vorbei, um mal reinzuschnuppern.<\/p>\n<p>Wir proben jeden Montag 19:30-21:45 in D\u00e4ttwil und spielen drei Konzerte im Jahr.<\/p>\n<p>Kontakt: Regula Gebhard, <a href=\"https:\/\/sinfonia-baden.ch\/orchester\/konzertmeisterin\/\">Konzertmeisterin<\/a><br \/>\n<a href=\"mailto:konzertmeisterin@sinfonia-baden.ch\">konzertmeisterin@sinfonia-baden.ch<\/a><\/p>\n<p>Instagram: @sinfonia.baden<\/p>\n<p>Facebook: <a href=\"https:\/\/www.facebook.com\/sinfonia.baden\/?locale=de_DE\">Sinfonia Baden<\/a><\/p>\n<p>&nbsp;<\/p>\n","protected":false},"excerpt":{"rendered":"<p>Mitspielen in der Sinfonia Baden Wir suchen laufend begeisterungsf\u00e4hige Musiker-\/Innen mit soliden Grundkenntnissen Die Sinfonia Baden bietet jungen sowie erfahrenen Laienmusikern eine inspirierende Orchesterumgebung unter professioneller Leitung. Rund ein Viertel der Musikerinnen und Musiker ist unter 30 Jahre alt. Junge, <a class=\"more-link\" href=\"https:\/\/sinfonia-baden.ch\/?page_id=125\">weiterlesen&#8230;<\/a><\/p>\n","protected":false},"author":9,"featured_media":0,"parent":81,"menu_order":7,"comment_status":"closed","ping_status":"closed","template":"","meta":{"footnotes":""},"class_list":["post-125","page","type-page","status-publish","hentry"],"_links":{"self":[{"href":"https:\/\/sinfonia-baden.ch\/index.php?rest_route=\/wp\/v2\/pages\/125","targetHints":{"allow":["GET"]}}],"collection":[{"href":"https:\/\/sinfonia-baden.ch\/index.php?rest_route=\/wp\/v2\/pages"}],"about":[{"href":"https:\/\/sinfonia-baden.ch\/index.php?rest_route=\/wp\/v2\/types\/page"}],"author":[{"embeddable":true,"href":"https:\/\/sinfonia-baden.ch\/index.php?rest_route=\/wp\/v2\/users\/9"}],"replies":[{"embeddable":true,"href":"https:\/\/sinfonia-baden.ch\/index.php?rest_route=%2Fwp%2Fv2%2Fcomments&post=125"}],"version-history":[{"count":19,"href":"https:\/\/sinfonia-baden.ch\/index.php?rest_route=\/wp\/v2\/pages\/125\/revisions"}],"predecessor-version":[{"id":3252,"href":"https:\/\/sinfonia-baden.ch\/index.php?rest_route=\/wp\/v2\/pages\/125\/revisions\/3252"}],"up":[{"embeddable":true,"href":"https:\/\/sinfonia-baden.ch\/index.php?rest_route=\/wp\/v2\/pages\/81"}],"wp:attachment":[{"href":"https:\/\/sinfonia-baden.ch\/index.php?rest_route=%2Fwp%2Fv2%2Fmedia&parent=125"}],"curies":[{"name":"wp","href":"https:\/\/api.w.org\/{rel}","templated":true}]}}