{"id":129,"date":"2016-09-22T11:14:50","date_gmt":"2016-09-22T09:14:50","guid":{"rendered":"http:\/\/sinfonia-baden.ch\/wp_index.php\/?page_id=129"},"modified":"2025-08-24T13:42:05","modified_gmt":"2025-08-24T11:42:05","slug":"vorstand","status":"publish","type":"page","link":"https:\/\/sinfonia-baden.ch\/?page_id=129","title":{"rendered":"Vorstand"},"content":{"rendered":"<h2>Vorstand der Sinfonia Baden<strong><br \/>\n<\/strong><\/h2>\n<p>Judith Gerhard, <a href=\"mailto:praesident@sinfonia-baden.ch\">Pr\u00e4sidentin<\/a><\/p>\n<p>Lorraine Blum, Vizepr\u00e4sidentin, Zuz\u00fcger<\/p>\n<p>Patrik Hunziker,<a href=\"mailto:finanzen@sinfonia-baden.ch\"> Kassier<\/a><\/p>\n<p>Willy Jarosczinsky,<a href=\"mailto:noten@sinfonia-baden.ch\"> Bibliothekar<\/a><\/p>\n<p>Christine Acker, <a href=\"mailto:kommunikation@sinfonia-baden.ch\">Medienarbeit<\/a><\/p>\n<p>Gerda Fischer, <a href=\"mailto:grafik@sinfonia-baden.ch\">Grafik<\/a><\/p>\n<p>Regula Gebhard, <a href=\"mailto:abos@sinfonia-baden.ch\">Abonnemente<\/a><\/p>\n<p>Roman Blum<\/p>\n","protected":false},"excerpt":{"rendered":"<p>Vorstand der Sinfonia Baden Judith Gerhard, Pr\u00e4sidentin Lorraine Blum, Vizepr\u00e4sidentin, Zuz\u00fcger Patrik Hunziker, Kassier Willy Jarosczinsky, Bibliothekar Christine Acker, Medienarbeit Gerda Fischer, Grafik Regula Gebhard, Abonnemente Roman Blum<\/p>\n","protected":false},"author":9,"featured_media":0,"parent":81,"menu_order":4,"comment_status":"closed","ping_status":"closed","template":"","meta":{"footnotes":""},"class_list":["post-129","page","type-page","status-publish","hentry"],"_links":{"self":[{"href":"https:\/\/sinfonia-baden.ch\/index.php?rest_route=\/wp\/v2\/pages\/129","targetHints":{"allow":["GET"]}}],"collection":[{"href":"https:\/\/sinfonia-baden.ch\/index.php?rest_route=\/wp\/v2\/pages"}],"about":[{"href":"https:\/\/sinfonia-baden.ch\/index.php?rest_route=\/wp\/v2\/types\/page"}],"author":[{"embeddable":true,"href":"https:\/\/sinfonia-baden.ch\/index.php?rest_route=\/wp\/v2\/users\/9"}],"replies":[{"embeddable":true,"href":"https:\/\/sinfonia-baden.ch\/index.php?rest_route=%2Fwp%2Fv2%2Fcomments&post=129"}],"version-history":[{"count":35,"href":"https:\/\/sinfonia-baden.ch\/index.php?rest_route=\/wp\/v2\/pages\/129\/revisions"}],"predecessor-version":[{"id":3249,"href":"https:\/\/sinfonia-baden.ch\/index.php?rest_route=\/wp\/v2\/pages\/129\/revisions\/3249"}],"up":[{"embeddable":true,"href":"https:\/\/sinfonia-baden.ch\/index.php?rest_route=\/wp\/v2\/pages\/81"}],"wp:attachment":[{"href":"https:\/\/sinfonia-baden.ch\/index.php?rest_route=%2Fwp%2Fv2%2Fmedia&parent=129"}],"curies":[{"name":"wp","href":"https:\/\/api.w.org\/{rel}","templated":true}]}}