{"id":1427,"date":"2024-01-31T22:48:25","date_gmt":"2024-01-31T21:48:25","guid":{"rendered":"http:\/\/sinfonia-baden.ch\/?page_id=1427"},"modified":"2024-01-31T22:48:25","modified_gmt":"2024-01-31T21:48:25","slug":"datenschutzerklaerung","status":"publish","type":"page","link":"https:\/\/sinfonia-baden.ch\/?page_id=1427","title":{"rendered":"Datenschutzerkl\u00e4rung"},"content":{"rendered":"<h1><strong>Datenschutzerkl\u00e4rung f\u00fcr Website Sinfonia Baden<\/strong><\/h1>\n<p><strong>Allgemeines<br \/>\n<\/strong>Mit dieser Datenschutzerkl\u00e4rung werden Nutzer und Nutzerinnen dieser Website \u00fcber ihre Rechte informiert, die ihnen gem\u00e4ss Art.\u00a013 der Bundesverfassung der Schweizerischen Eidgenossenschaft (BV; SR\u00a0101) und den datenschutzrechtlichen Bestimmungen des Bundes (Bundesgesetz \u00fcber den Datenschutz [Datenschutzgesetz, DSG; SR\u00a0235.1]) sowie\u00a0\u2013 sofern zutreffend\u00a0\u2013 der Verordnung (EU) 2016\/679 des Europ\u00e4ischen Parlaments und des Rates zum Schutz nat\u00fcrlicher Personen bei der Verarbeitung personenbezogener Daten, zum freien Datenverkehr und zur Aufhebung der Richtlinie 95\/46\/EG (Datenschutz-Grundverordnung [DSGVO]) zustehen.<\/p>\n<p>Gem\u00e4ss Art.\u00a013 BV und des DSG hat jede nat\u00fcrliche Person Anspruch auf Schutz ihrer Privatsph\u00e4re sowie auf Schutz vor Missbrauch ihrer pers\u00f6nlichen Daten. Die Betreiber dieser Seiten nehmen den Schutz Ihrer pers\u00f6nlichen Daten sehr ernst. Wir behandeln Ihre personenbezogenen Daten vertraulich und entsprechend der gesetzlichen Datenschutzvorschriften sowie dieser Datenschutzerkl\u00e4rung. In Zusammenarbeit mit unseren Hosting-Providern bem\u00fchen wir uns, die Datenbanken so gut wie m\u00f6glich vor fremden Zugriffen, Verlusten, Missbrauch oder vor F\u00e4lschung zu sch\u00fctzen. Wir weisen darauf hin, dass die Daten\u00fcbertragung im Internet (z.B. bei der Kommunikation per E-Mail; Onlineformular) Sicherheitsl\u00fccken aufweisen kann. Ein l\u00fcckenloser Schutz der Daten vor dem Zugriff durch Dritte ist nicht m\u00f6glich.<\/p>\n<p>Durch die Nutzung dieser Website erkl\u00e4ren Sie sich mit der Erhebung, Verarbeitung und Nutzung von Daten gem\u00e4ss der nachfolgenden Beschreibung einverstanden. Diese Website kann grunds\u00e4tzlich ohne Registrierung besucht werden. Dabei werden Daten wie beispielsweise aufgerufene Seiten bzw. Namen der abgerufenen Datei, Datum und Uhrzeit zu statistischen Zwecken auf dem Server gespeichert, ohne dass diese Daten unmittelbar auf Ihre Person bezogen werden. Personenbezogene Daten, insbesondere Name, Adresse oder E-Mail-Adresse werden soweit m\u00f6glich auf freiwilliger Basis erhoben. Ohne Ihre Einwilligung erfolgt keine Weitergabe der Daten an Dritte.<\/p>\n<p>Die Nutzung dieser Website ist grunds\u00e4tzlich ohne Angabe personenbezogener Daten m\u00f6glich. Ist die Verarbeitung personenbezogener Daten erforderlich (z.B. bei einem Webformular) wird explizit darauf hingewiesen.<\/p>\n<p><strong>Verantwortlichkeit Datenverarbeitung<br \/>\n<\/strong>Verantwortlich f\u00fcr die Verarbeitung von Daten im Sinn geltender Rechtsvorschriften der Schweiz oder der Europ\u00e4ischen Union sowie anderer Bestimmungen mit datenschutzrechtlichem Charakter ist:<\/p>\n<p>Sinfonia Baden<br \/>\nJudith Gerhard<br \/>\nH\u00f6\u00f6ndlerweg 11a<br \/>\n5413 Birmenstorf<br \/>\npraesident@sinfonia-baden.ch<br \/>\nwww.sinfonia-baden.ch<\/p>\n<p><strong>Sicherheit<br \/>\n<\/strong>Die Sinfonia Baden unternimmt alle technische Massnahmen, um einen m\u00f6glichst l\u00fcckenlosen Schutz der \u00fcber diese Website erfassten Daten sicherzustellen (u.a. verschl\u00fcsselte Daten\u00fcbermittlung per TLS\/SSL). Daten\u00fcbertragungen im Internet k\u00f6nnen jedoch grunds\u00e4tzlich Sicherheitsl\u00fccken aufweisen, ein absoluter Schutz wird nicht gew\u00e4hrleistet.<\/p>\n<p><strong>Weitergabe von Daten<br \/>\n<\/strong>\u00dcber diese Website erfasste Daten werden, sofern unten stehend nicht anders vermerkt, nicht an Dritte weitergegeben.<\/p>\n<p><strong>Verweise auf externe Internetseite<br \/>\n<\/strong>Auf dieser Website kann auf andere Internetseiten verwiesen werden, f\u00fcr welche die Sinfonia Baden nicht verantwortlich ist. Nutzer sollten daher beachten, dass diese Internetseiten \u00fcber eigene Datenschutzerkl\u00e4rungen und Gesch\u00e4ftsbestimmungen verf\u00fcgen, die hiervon abweichen k\u00f6nnen.<\/p>\n<p><strong>Cookies<br \/>\n<\/strong>Auf den Internetseiten der Sinfonia Baden werden Cookies eingesetzt. Eine ausf\u00fchrliche Beschreibung der Technologie bietet der Wikipedia-Artikel zu <a href=\"https:\/\/de.wikipedia.org\/wiki\/HTTP-Cookie\">HTTP-Cookie<\/a>. Cookies k\u00f6nnen eine sogenannte Cookie-ID enthalten, die eine eindeutige Kennung des Cookies erm\u00f6glicht. Sie besteht aus einer Zeichenfolge, durch welche Internetseiten und Server dem konkreten Internetbrowser zugeordnet werden k\u00f6nnen, in dem das Cookie gespeichert wurde.<\/p>\n<p>Durch den Einsatz von Cookies kann die Sinfonia Baden den Nutzern dieser Internetseite Dienste bereitstellen, die ohne nicht m\u00f6glich w\u00e4ren. Nutzer dieser Website k\u00f6nnen die Setzung von Cookies mittels entsprechender Einstellung in ihrem Internetbrowser verhindern. Bereits gesetzte Cookies k\u00f6nnen im verwendeten Internetbrowser oder mittels zus\u00e4tzlicher Software gel\u00f6scht werden. Wird die Setzung von Cookies deaktiviert, sind eventuell nicht alle Funktionen dieser Website nutzbar.<\/p>\n<p>Rechtsgrundlage f\u00fcr die durch Cookies verarbeiteten Daten ist Art.\u00a06 Abs.\u00a01 S.\u00a01 lit.\u00a0f DSGVO.<\/p>\n<p><strong>Erfassung von allgemeinen Daten und Informationen (Logfiles)<br \/>\n<\/strong>Beim Aufruf dieser Website werden allgemeine Daten und Informationen erfasst und in sogenannten Logfiles des Servers gespeichert. In Logfiles erfasst werden k\u00f6nnen die verwendeten Browsertypen und -versionen, das vom Nutzer verwendete Betriebssystem, die Internetseite, von welcher ein Nutzer auf unsere Internetseite gelangt (sogenannte Referrer), die Unterwebseiten, welche \u00fcber ein zugreifendes System auf unserer Internetseite angesteuert werden, das Datum und die Uhrzeit eines Zugriffs auf die Internetseite, eine Internet-Protokoll-Adresse (IP-Adresse), der Internet-Service-Provider des zugreifenden Systems und sonstige \u00e4hnliche Daten und Informationen, die der Gefahrenabwehr im Falle von Angriffen auf IT-Systeme dienen.<\/p>\n<p>Bei der Nutzung dieser allgemeinen Daten und Informationen werden keine R\u00fcckschl\u00fcsse auf die betroffene Person m\u00f6glich. Die Informationen werden ben\u00f6tigt, um Inhalte dieser Website korrekt auszuliefern, die Funktionsf\u00e4higkeit von IT-Systemen und der Technik dieser Internetseite zu gew\u00e4hrleisten sowie um Strafverfolgungsbeh\u00f6rden im Falle eines Cyberangriffes die zur Strafverfolgung notwendigen Informationen bereitzustellen.<\/p>\n<p>Diese anonym erhobenen Daten und Informationen werden durch die Sinfonia Baden oder deren Hosting-Partner daher einerseits statistisch und ferner mit dem Ziel ausgewertet, den Datenschutz und die Datensicherheit zu erh\u00f6hen.<\/p>\n<p><strong>Rechte der betroffenen Person<br \/>\n<\/strong>Sie haben das Recht, Auskunft \u00fcber Ihre durch die Sinfonia Baden verarbeiteten personenbezogenen Daten zu verlangen. Insbesondere k\u00f6nnen Sie Auskunft verlangen \u00fcber<\/p>\n<ul>\n<li>die Verarbeitungszwecke,<\/li>\n<li>die Kategorien der personenbezogenen Daten,<\/li>\n<li>die Kategorien von Empf\u00e4ngern, gegen\u00fcber denen Ihre Daten offengelegt wurden oder werden,<\/li>\n<li>die geplante Speicherdauer,<\/li>\n<li>das Bestehen eines Rechts auf Berichtigung, L\u00f6schung, Einschr\u00e4nkung der Verarbeitung oder Widerspruch,<\/li>\n<li>das Recht der Daten\u00fcbertragung (sofern daf\u00fcr nicht ein unverh\u00e4ltnism\u00e4ssiger Aufwand verursacht wird),<\/li>\n<li>die Herkunft Ihrer Daten (sofern diese nicht bei uns erhoben wurden),<\/li>\n<li>sowie \u00fcber das Bestehen einer automatisierten Entscheidungsfindung einschliesslich Profiling.<\/li>\n<\/ul>\n<p>Sie haben auch das Recht, eine allenfalls erteilte Einwilligung zur Nutzung Ihrer personenbezogenen Daten jederzeit zu widerrufen.<\/p>\n<p>Sofern Sie der Auffassung sind, dass die Verarbeitung Ihrer personenbezogenen Daten durch die Sinfonia Baden im Widerspruch zu den geltenden Datenschutzbestimmungen steht, haben Sie die M\u00f6glichkeit, sich bei der Datenschutzstelle der daf\u00fcr zust\u00e4ndigen Beh\u00f6rde zu beschweren.<\/p>\n<p><strong>Kontaktformular<br \/>\n<\/strong>F\u00fcllen Sie ein Kontaktformular (auch Webformular genannt) aus, senden Sie uns eine E-Mail oder eine sonstige elektronische Nachricht, werden Ihre Angaben nur f\u00fcr die Bearbeitung der Anfrage, m\u00f6gliche damit zusammenh\u00e4ngende weitere Fragen, gespeichert und nur im Rahmen der Anfrage verwendet.<\/p>\n<p>Rechtsgrundlage f\u00fcr die Bearbeitung Ihrer Anfrage ist Art.\u00a06 Abs.\u00a01 lit.\u00a0b DSGVO.<\/p>\n<p>Die Sinfonia Baden l\u00f6scht Ihre Kontaktdaten nach Erledigung Ihrer Anfrage.<\/p>\n<p><strong>Newsletter<br \/>\n<\/strong>Wenn Sie sich f\u00fcr den Newsletter der Sinfonia Baden anmelden, wird Ihre E-Mail-Adresse und die gleichzeitig erhobenen Personendaten einzig f\u00fcr die Verwaltung und die Zusendung des gew\u00fcnschten Newsletters verwendet.<\/p>\n<p>Die Newsletter der Sinfonia Baden enthalten keine offensichtlichen oder versteckten Z\u00e4hler, Werbung Dritter oder Verkn\u00fcpfungen auf fremde Seiten, die nicht direkt mit dem Inhalt des Newsletters im Zusammenhang stehen.<\/p>\n<p>Jeder Newsletter enth\u00e4lt einen Hinweis darauf, wie Sie sich f\u00fcr den Newsletter wieder abmelden k\u00f6nnen.<\/p>\n<p><strong>Automatisierte Entscheidungsfindung (Profiling)<br \/>\n<\/strong>Die Sinfonia Baden verzichtet auf eine automatische Entscheidungsfindung oder ein Profiling.<\/p>\n<p><strong>Hinweise zu dieser Datenschutzerkl\u00e4rung<br \/>\n<\/strong>Diese Datenschutzerkl\u00e4rung kann jederzeit und ohne Vorank\u00fcndigung durch die Sinfonia Baden ge\u00e4ndert werden. Es gilt die jeweils aktuelle, auf dieser Website publizierte Fassung.<\/p>\n<p>&nbsp;<\/p>\n","protected":false},"excerpt":{"rendered":"<p>Datenschutzerkl\u00e4rung f\u00fcr Website Sinfonia Baden Allgemeines Mit dieser Datenschutzerkl\u00e4rung werden Nutzer und Nutzerinnen dieser Website \u00fcber ihre Rechte informiert, die ihnen gem\u00e4ss Art.\u00a013 der Bundesverfassung der Schweizerischen Eidgenossenschaft (BV; SR\u00a0101) und den datenschutzrechtlichen Bestimmungen des Bundes (Bundesgesetz \u00fcber den Datenschutz <a class=\"more-link\" href=\"https:\/\/sinfonia-baden.ch\/?page_id=1427\">weiterlesen&#8230;<\/a><\/p>\n","protected":false},"author":9,"featured_media":0,"parent":0,"menu_order":0,"comment_status":"closed","ping_status":"closed","template":"","meta":{"footnotes":""},"class_list":["post-1427","page","type-page","status-publish","hentry"],"_links":{"self":[{"href":"https:\/\/sinfonia-baden.ch\/index.php?rest_route=\/wp\/v2\/pages\/1427","targetHints":{"allow":["GET"]}}],"collection":[{"href":"https:\/\/sinfonia-baden.ch\/index.php?rest_route=\/wp\/v2\/pages"}],"about":[{"href":"https:\/\/sinfonia-baden.ch\/index.php?rest_route=\/wp\/v2\/types\/page"}],"author":[{"embeddable":true,"href":"https:\/\/sinfonia-baden.ch\/index.php?rest_route=\/wp\/v2\/users\/9"}],"replies":[{"embeddable":true,"href":"https:\/\/sinfonia-baden.ch\/index.php?rest_route=%2Fwp%2Fv2%2Fcomments&post=1427"}],"version-history":[{"count":4,"href":"https:\/\/sinfonia-baden.ch\/index.php?rest_route=\/wp\/v2\/pages\/1427\/revisions"}],"predecessor-version":[{"id":3015,"href":"https:\/\/sinfonia-baden.ch\/index.php?rest_route=\/wp\/v2\/pages\/1427\/revisions\/3015"}],"wp:attachment":[{"href":"https:\/\/sinfonia-baden.ch\/index.php?rest_route=%2Fwp%2Fv2%2Fmedia&parent=1427"}],"curies":[{"name":"wp","href":"https:\/\/api.w.org\/{rel}","templated":true}]}}