{"id":158,"date":"2016-09-22T14:09:05","date_gmt":"2016-09-22T12:09:05","guid":{"rendered":"http:\/\/sinfonia-baden.ch\/wp_index.php\/?page_id=158"},"modified":"2023-06-04T15:34:42","modified_gmt":"2023-06-04T13:34:42","slug":"historie","status":"publish","type":"page","link":"https:\/\/sinfonia-baden.ch\/?page_id=158","title":{"rendered":"Geschichte"},"content":{"rendered":"<h2>Meilensteine und H\u00f6hepunkte<\/h2>\n<p>Sinfonia Baden steht f\u00fcr Aufbruchstimmung und Affinit\u00e4t, f\u00fcr Leidenschaft und Freude am Musizieren. Diese Begeisterung ist in unseren Konzerten zu sp\u00fcren und wir w\u00fcnschen uns, dass der Funken immer wieder auf unser Publikum \u00fcberspringt.<\/p>\n<p><strong>2020\/21\u00a0\u00a0\u00a0\u00a0<\/strong> Die Pandemie COVID-19 erlaubt keinen Probenbetrieb und keine Konzerte.<\/p>\n<p><strong>2018<\/strong> \u00a0\u00a0\u00a0 Roman Blum wird neuer musikalischer Leiter der Sinfonia Baden.<\/p>\n<p><strong>2014\u00a0\u00a0\u00a0\u00a0<\/strong> Aus der Orchestergesellschaft wird die <strong>Sinfonia Baden<\/strong>. 9. November, festliche Taufe mit dem Schumann Quartett sowie &#8222;Gotte und G\u00f6tti&#8220; Christine Egerszegi und Daniel Schaerer.<\/p>\n<p><strong>2007\u00a0\u00a0\u00a0\u00a0<\/strong> Urauff\u00fchrung von <em>Lamento<\/em>, Auftragskomposition von Rahel Fortin. <em>Operamor-<\/em>Auftritte an der Badenfahrt zusammen mit dem Kammerchor Baden.<\/p>\n<p><strong>2001\u00a0\u00a0\u00a0\u00a0<\/strong> Felicitas Gadient wird musikalische Leiterin der Orchestergesellschaft Baden.<\/p>\n<p><strong>2000\u00a0\u00a0\u00a0\u00a0<\/strong> Die Orchestergesellschaft feiert 175 Jahre Jubil\u00e4um. Am Jubil\u00e4umskonzert spielt Karl-Andreas Kolly Chopins Klavierkonzert op.11.<\/p>\n<p><strong>1985\u00a0\u00a0\u00a0\u00a0<\/strong> 15. November, Urauff\u00fchrung des <em>Violinkonzertes von Robert Blum<\/em>. Dem Konzertmeister J\u00f6rg Baur, dem Pr\u00e4sidenten Max Villiger und dem Dirigenten Andr\u00e9 Jacot gewidmet.<\/p>\n<p><strong>1981\u00a0\u00a0\u00a0\u00a0<\/strong> 12. Juni, Abschiedskonzert des Dirigenten Robert Blum mit Werken von Bach und Mozart. Andr\u00e9 Jacot wird neuer musikalischer Leiter der OGB.<\/p>\n<p><strong>1977\u00a0\u00a0\u00a0\u00a0<\/strong> Wenn die Musik ins Wasser f\u00e4llt&#8230;Auftritt der OGB an der Badenfahrt auf der Limmat mit <em>H\u00e4ndels Wassermusik<\/em>. Stimmungsvolle Auff\u00fchrung vor rund 1500 Zuh\u00f6rern.<\/p>\n<p><strong>1975\u00a0\u00a0\u00a0\u00a0 <\/strong><em>Sonata f\u00fcr Orchester und Solovioloncello. <\/em>Komposition von Robert Blum, der \u00abStadt Baden und ihrer Orchestergesellschaft\u00bb gewidmet. 21. November, Urauff\u00fchrung des Auftragswerks der Stadt Baden, Solist: Raffaele Altwegg.<\/p>\n<p><strong>1975\u00a0\u00a0\u00a0\u00a0<\/strong> 13. Dezember, \u00ab150 Jahre OGB, 50 Jahre Leitung Robert Blum und 75. Geburtstag Robert Blum\u00bb. Konzert des Kammerchors Z\u00fcrich, Leitung: Domkapellmeister Johannes Fuchs, St. Gallen mit Werken von Anton Bruckner und Robert Blum. Dr. Markus Roth \u00fcberreicht Robert Blum im Namen des Aargauer Kuratoriums eine Anerkennungsgabe.<\/p>\n<p><strong>1940\u00a0\u00a0\u00a0\u00a0<\/strong> Robert Blum sch\u00f6pft alle M\u00f6glichkeiten aus. Ab dieser Zeit Engagements mit Solisten von Weltruf. Auff\u00fchrungen von Sinfonie- und Kammerkonzerten, Messen, Kirchen- und Chorkonzerten, Oratorien, Passionen, Ballette, Operetten, Unterhaltungsabenden und Jubil\u00e4umsfeiern.<\/p>\n<p><strong>1935\u00a0\u00a0\u00a0\u00a0<\/strong> Auftritt der Orchestergesellschaft an der Landesausstellung mit dem Volksliederspiel von Adolf Haller<em> Im Aargau sind zw\u00f6i Liebi,<\/em> vertont von Robert Blum.<\/p>\n<p><strong>1927\u00a0\u00a0\u00a0\u00a0<\/strong> Der Orchesterverein wird in <strong>Orchestergesellschaft<\/strong> umbenannt.<\/p>\n<p><strong>1925\u00a0\u00a0\u00a0\u00a0<\/strong> Der neue musikalische Leiter Robert Blum setzt neue Massst\u00e4be. Er er\u00f6ffnet eine fruchtbare Schaffensperiode, die sich \u00fcber mehr als ein halbes Jahrhundert erstreckt. J\u00e4hrlich sechs bis acht eigentliche Sinfoniekonzerte oder musikalische Veranstaltungen.<\/p>\n<p><strong>1920\u00a0\u00a0\u00a0\u00a0<\/strong> 6. November, Konzert im ersten Teil, zweiter Teil mit Gesangsformation \u00abChr\u00e4beli-Quartett Baden\u00bb und dritter Teil mit Ball bis 3 Uhr.<\/p>\n<p><strong>1914 &#8211; 1918<\/strong>\u00a0\u00a0\u00a0\u00a0 Orchestert\u00e4tigkeit mit Unterbr\u00fcchen.<\/p>\n<p><strong>1896\u00a0\u00a0\u00a0\u00a0<\/strong> Die Musikgesellschaft wird <strong>Orchesterverein<\/strong> genannt mit dem Motto: \u00abAufbietung hiesiger und ausw\u00e4rtiger Kr\u00e4fte\u00bb. Der Orchesterverein wirkt vor allem als Begleitorchester des M\u00e4nnerchors, des Gemischten Chors oder anderer lokalen Organisationen. Konzerte mit anschliessender \u00abSoir\u00e9e dansante\u00bb.<\/p>\n<p><strong>1883 bis 1885<\/strong>\u00a0\u00a0\u00a0\u00a0 Keine Konzertauff\u00fchrungen.<\/p>\n<p><strong>1881<\/strong>\u00a0\u00a0\u00a0\u00a0 Proben aus \u00abMangel an musikalischen Kr\u00e4ften\u00bb eingestellt.<\/p>\n<p><strong>1857<\/strong>\u00a0\u00a0\u00a0\u00a0 21. November, erste Aufzeichnung im Protokollbuch. 29. November, erstes Abonnements-Konzert durchgef\u00fchrt mit Ausschnitten aus gr\u00f6sseren Werken wie Sinfonien, Opern, Oratorien usw.<\/p>\n<p><strong>1826\u00a0\u00a0\u00a0\u00a0<\/strong> Gr\u00fcndung der <strong>Musikgesellschaft Baden<\/strong><\/p>\n","protected":false},"excerpt":{"rendered":"<p>Meilensteine und H\u00f6hepunkte Sinfonia Baden steht f\u00fcr Aufbruchstimmung und Affinit\u00e4t, f\u00fcr Leidenschaft und Freude am Musizieren. Diese Begeisterung ist in unseren Konzerten zu sp\u00fcren und wir w\u00fcnschen uns, dass der Funken immer wieder auf unser Publikum \u00fcberspringt. 2020\/21\u00a0\u00a0\u00a0\u00a0 Die Pandemie <a class=\"more-link\" href=\"https:\/\/sinfonia-baden.ch\/?page_id=158\">weiterlesen&#8230;<\/a><\/p>\n","protected":false},"author":9,"featured_media":0,"parent":155,"menu_order":10,"comment_status":"closed","ping_status":"closed","template":"","meta":{"footnotes":""},"class_list":["post-158","page","type-page","status-publish","hentry"],"_links":{"self":[{"href":"https:\/\/sinfonia-baden.ch\/index.php?rest_route=\/wp\/v2\/pages\/158","targetHints":{"allow":["GET"]}}],"collection":[{"href":"https:\/\/sinfonia-baden.ch\/index.php?rest_route=\/wp\/v2\/pages"}],"about":[{"href":"https:\/\/sinfonia-baden.ch\/index.php?rest_route=\/wp\/v2\/types\/page"}],"author":[{"embeddable":true,"href":"https:\/\/sinfonia-baden.ch\/index.php?rest_route=\/wp\/v2\/users\/9"}],"replies":[{"embeddable":true,"href":"https:\/\/sinfonia-baden.ch\/index.php?rest_route=%2Fwp%2Fv2%2Fcomments&post=158"}],"version-history":[{"count":28,"href":"https:\/\/sinfonia-baden.ch\/index.php?rest_route=\/wp\/v2\/pages\/158\/revisions"}],"predecessor-version":[{"id":2849,"href":"https:\/\/sinfonia-baden.ch\/index.php?rest_route=\/wp\/v2\/pages\/158\/revisions\/2849"}],"up":[{"embeddable":true,"href":"https:\/\/sinfonia-baden.ch\/index.php?rest_route=\/wp\/v2\/pages\/155"}],"wp:attachment":[{"href":"https:\/\/sinfonia-baden.ch\/index.php?rest_route=%2Fwp%2Fv2%2Fmedia&parent=158"}],"curies":[{"name":"wp","href":"https:\/\/api.w.org\/{rel}","templated":true}]}}