{"id":2,"date":"2016-05-10T03:48:21","date_gmt":"2016-05-10T01:48:21","guid":{"rendered":"http:\/\/wp452m.a10-52-158-154.qa.plesk.ru\/wordpress\/?page_id=2"},"modified":"2025-09-02T18:47:41","modified_gmt":"2025-09-02T16:47:41","slug":"aktuell","status":"publish","type":"page","link":"https:\/\/sinfonia-baden.ch\/","title":{"rendered":"Startseite"},"content":{"rendered":"<p>Liebe Konzertbesucherin<br \/>\nLieber Konzertbesucher<\/p>\n<p class=\"cvGsUA direction-ltr align-justify para-style-body\"><span class=\"a_GcMg font-feature-liga-off font-feature-clig-off font-feature-calt-off text-decoration-none text-strikethrough-none\">Die Sinfonia Baden feiert! Und Sie hoffentlich mit uns!<\/span><\/p>\n<p class=\"cvGsUA direction-ltr align-justify para-style-body\"><span class=\"a_GcMg font-feature-liga-off font-feature-clig-off font-feature-calt-off text-decoration-none text-strikethrough-none\">Das Fest \u2013 unsere Jubil\u00e4umssaison \u2013 zelebrieren wir in drei Teilen, und alle zeigen auf, was uns als Orchester ausmacht. Alle drei sind aber auch speziell, weil sie in dieser Form noch nie stattgefunden haben.<\/span><\/p>\n<p class=\"cvGsUA direction-ltr align-justify para-style-body\"><span class=\"a_GcMg font-feature-liga-off font-feature-clig-off font-feature-calt-off text-decoration-none text-strikethrough-none\">Die Geschichte der Sinfonia Baden geht auf eine Orchestergr\u00fcndung im Jahr 1826 zur\u00fcck. Was als Stadtorchester mit dem Namen \u00abOrchestergesellschaft Baden\u00bb mit Unterhaltungsmusik und zur Begleitung verschiedener Ch\u00f6re begann, entwickelte sich ab 1925 kontinuierlich zu dem Klangk\u00f6rper, den die Sinfonia Baden heute darstellt: ein modernes Sinfonieorchester mit einem breiten Repertoire von Klassik bis Moderne.<\/span><\/p>\n<p class=\"cvGsUA direction-ltr align-justify para-style-body\"><span class=\"a_GcMg font-feature-liga-off font-feature-clig-off font-feature-calt-off text-decoration-none text-strikethrough-none\">Eines ist \u00fcber diese <strong>200 Jahre<\/strong> konstant geblieben: Ein Ensemble, welches einen grossen Beitrag an die Badener Kulturszene leistet und somit hilft, diese Kulturstadt zu beleben!<\/span><\/p>\n<p class=\"cvGsUA direction-ltr align-justify para-style-body\"><span class=\"a_GcMg font-feature-liga-off font-feature-clig-off font-feature-calt-off text-decoration-none text-strikethrough-none\">Wir feiern dieses Jubil\u00e4um mit einem traditionellen Herbst-Konzert im Kurtheater Baden, wobei wir mit <strong>Oliver Schnyder<\/strong> einen Solisten pr\u00e4sentieren d\u00fcrfen, der uns sowohl eine grosse Verbundenheit mit der Badener Kultur als auch ein St\u00fcck Weltruhm mit auf die B\u00fchne bringen wird.<\/span><\/p>\n<p class=\"cvGsUA direction-ltr align-justify para-style-body\"><span class=\"a_GcMg font-feature-liga-off font-feature-clig-off font-feature-calt-off text-decoration-none text-strikethrough-none\">Bei unserer zweiten Veranstaltung r\u00fcckt die Gemeinschaft des Orchesters ins Zentrum: Unser traditioneller Kammermusik-Abend wird zur Feier f\u00fcrs Orchester. Wir feiern diesen Abend mit geladenen G\u00e4sten und Abonnenten \u2013 und nat\u00fcrlich den Orchestermusikern.<\/span><\/p>\n<p class=\"cvGsUA direction-ltr align-justify para-style-body\"><span class=\"a_GcMg font-feature-liga-off font-feature-clig-off font-feature-calt-off text-decoration-none text-strikethrough-none\">Als Abschluss dieser Jubil\u00e4umssaison spannen wir im Juni mit der Band <strong>Otrava<\/strong> und dem Chor <strong>Coro Sonoro<\/strong> zusammen \u2013 denn die Zusammenarbeit mit anderen Musikerinnen und Musikern liegt uns besonders am Herzen.<\/span><\/p>\n<p class=\"cvGsUA direction-ltr align-justify para-style-body\"><span class=\"a_GcMg font-feature-liga-off font-feature-clig-off font-feature-calt-off text-decoration-none text-strikethrough-none\">Wir laden Sie herzlich ein, diesen runden Orchester-Geburtstag mit uns zu feiern!<\/span><\/p>\n","protected":false},"excerpt":{"rendered":"<p>Liebe Konzertbesucherin Lieber Konzertbesucher Die Sinfonia Baden feiert! Und Sie hoffentlich mit uns! Das Fest \u2013 unsere Jubil\u00e4umssaison \u2013 zelebrieren wir in drei Teilen, und alle zeigen auf, was uns als Orchester ausmacht. Alle drei sind aber auch speziell, weil <a class=\"more-link\" href=\"https:\/\/sinfonia-baden.ch\/\">weiterlesen&#8230;<\/a><\/p>\n","protected":false},"author":9,"featured_media":0,"parent":0,"menu_order":0,"comment_status":"closed","ping_status":"closed","template":"","meta":{"footnotes":""},"class_list":["post-2","page","type-page","status-publish","hentry"],"_links":{"self":[{"href":"https:\/\/sinfonia-baden.ch\/index.php?rest_route=\/wp\/v2\/pages\/2","targetHints":{"allow":["GET"]}}],"collection":[{"href":"https:\/\/sinfonia-baden.ch\/index.php?rest_route=\/wp\/v2\/pages"}],"about":[{"href":"https:\/\/sinfonia-baden.ch\/index.php?rest_route=\/wp\/v2\/types\/page"}],"author":[{"embeddable":true,"href":"https:\/\/sinfonia-baden.ch\/index.php?rest_route=\/wp\/v2\/users\/9"}],"replies":[{"embeddable":true,"href":"https:\/\/sinfonia-baden.ch\/index.php?rest_route=%2Fwp%2Fv2%2Fcomments&post=2"}],"version-history":[{"count":281,"href":"https:\/\/sinfonia-baden.ch\/index.php?rest_route=\/wp\/v2\/pages\/2\/revisions"}],"predecessor-version":[{"id":3262,"href":"https:\/\/sinfonia-baden.ch\/index.php?rest_route=\/wp\/v2\/pages\/2\/revisions\/3262"}],"wp:attachment":[{"href":"https:\/\/sinfonia-baden.ch\/index.php?rest_route=%2Fwp%2Fv2%2Fmedia&parent=2"}],"curies":[{"name":"wp","href":"https:\/\/api.w.org\/{rel}","templated":true}]}}