{"id":217,"date":"2016-09-22T21:45:28","date_gmt":"2016-09-22T19:45:28","guid":{"rendered":"http:\/\/sinfonia-baden.ch\/wp_index.php\/?page_id=217"},"modified":"2022-06-26T15:13:41","modified_gmt":"2022-06-26T13:13:41","slug":"saison-201516","status":"publish","type":"page","link":"https:\/\/sinfonia-baden.ch\/?page_id=217","title":{"rendered":"Saison 2015\/16"},"content":{"rendered":"<h3>Drei Expeditionen \u2013 Fr\u00fche Meisterschaft als Thema<\/h3>\n<p><span class=\"sb\">Sinfonia Baden<\/span> steht f\u00fcr den Zusammenklang in der Region Baden. Die <span class=\"sb\">Sinfonia Baden<\/span> lud ein zu musikalischen Begegnungen mit jungen Solisten und einer Auseinandersetzung mit &#8222;vergessenen&#8220; Sinfonien.<\/p>\n<p>&nbsp;<\/p>\n<h4>Jungtalente zeigten ihr K\u00f6nnen \u2013 Konzert im Juni 2016, Kurtheater Baden<\/h4>\n<p><strong>No Images.<\/strong><br\/>Please upload images in images manager section. Click on Manage Images button on the right side of the gallery settings.<br \/><strong><\/strong><\/p>\n<p>Die drei jungen Solisten \u00fcberzeugten als Nachwuchstalente mit einer reifen Leistung.\u00a0Die\u00a0schon mehrfach an ausgezeichneten Talente aus dem Begabtenf\u00f6rderungsprogramm des Kantons Aargau: Andrea und Christina Staudenmann sowie Simon Popp werden an der Kantonsschule Baden von Antje-Maria Traub unterrichtet.<\/p>\n<p>&nbsp;<\/p>\n<h4>Offenes Probefenster f\u00fcr Musiksch\u00fclerInnen \u2013\u00a0Mai 2016<\/h4>\n<p><a href=\"https:\/\/sinfonia-baden.ch\/wp_index.php\/sinfonia_baden_soli_juni_16_klein\/\"><img loading=\"lazy\" decoding=\"async\" class=\"alignnone wp-image-245\" src=\"https:\/\/sinfonia-baden.ch\/wp-content\/uploads\/2016\/09\/sinfonia_baden_soli_juni_16_klein-300x221.jpg\" alt=\"sinfonia_baden_soli_juni_16_klein\" width=\"350\" height=\"258\" \/><\/a><\/p>\n<p>Gemeinsame Proben mit den jungen Klavier Solisten zum Juni-Konzert im Kurtheater Baden.<\/p>\n<p>&nbsp;<\/p>\n<h4>\u00d6ffentliche Probe im Februar 2016<\/h4>\n<p><strong>No Images.<\/strong><br\/>Please upload images in images manager section. Click on Manage Images button on the right side of the gallery settings.<br \/><strong><\/strong><\/p>\n<p>Eine offene Probe der <span class=\"sb\">Sinfonia Baden<\/span> und der Solistin Elea Nick f\u00fcr Musiksch\u00fcler &amp; Musiksch\u00fclerinnen. Die innigen Momente, energiegeladenen Passagen meisterte das Ausnahmetalent Elea Nick mit spr\u00fchender Virtuosit\u00e4t. Die Kinder wurden in den Bann gezogen.<\/p>\n<p>&nbsp;<\/p>\n<h4>Eine positive Energie \u2013\u00a0Trafosaal Baden, November 2015<\/h4>\n<p><strong>No Images.<\/strong><br\/>Please upload images in images manager section. Click on Manage Images button on the right side of the gallery settings.<br \/><strong><\/strong><\/p>\n<p>Michael Luginb\u00fchl zieht das Publikum in seinen Bann im Cellokonzert von Edward Elgar. Bereits im einstimmenden kurzen Interview anl\u00e4sslich des 2. sinfonia.pers\u00f6nlich-Ap\u00e9ro gewinnt er mit seiner ruhigen, offenen Art die Herzen der Zuh\u00f6rer.<\/p>\n","protected":false},"excerpt":{"rendered":"<p>Drei Expeditionen \u2013 Fr\u00fche Meisterschaft als Thema Sinfonia Baden steht f\u00fcr den Zusammenklang in der Region Baden. Die Sinfonia Baden lud ein zu musikalischen Begegnungen mit jungen Solisten und einer Auseinandersetzung mit &#8222;vergessenen&#8220; Sinfonien. &nbsp; Jungtalente zeigten ihr K\u00f6nnen \u2013 <a class=\"more-link\" href=\"https:\/\/sinfonia-baden.ch\/?page_id=217\">weiterlesen&#8230;<\/a><\/p>\n","protected":false},"author":9,"featured_media":0,"parent":155,"menu_order":4,"comment_status":"closed","ping_status":"closed","template":"","meta":{"footnotes":""},"class_list":["post-217","page","type-page","status-publish","hentry"],"_links":{"self":[{"href":"https:\/\/sinfonia-baden.ch\/index.php?rest_route=\/wp\/v2\/pages\/217","targetHints":{"allow":["GET"]}}],"collection":[{"href":"https:\/\/sinfonia-baden.ch\/index.php?rest_route=\/wp\/v2\/pages"}],"about":[{"href":"https:\/\/sinfonia-baden.ch\/index.php?rest_route=\/wp\/v2\/types\/page"}],"author":[{"embeddable":true,"href":"https:\/\/sinfonia-baden.ch\/index.php?rest_route=\/wp\/v2\/users\/9"}],"replies":[{"embeddable":true,"href":"https:\/\/sinfonia-baden.ch\/index.php?rest_route=%2Fwp%2Fv2%2Fcomments&post=217"}],"version-history":[{"count":35,"href":"https:\/\/sinfonia-baden.ch\/index.php?rest_route=\/wp\/v2\/pages\/217\/revisions"}],"predecessor-version":[{"id":1821,"href":"https:\/\/sinfonia-baden.ch\/index.php?rest_route=\/wp\/v2\/pages\/217\/revisions\/1821"}],"up":[{"embeddable":true,"href":"https:\/\/sinfonia-baden.ch\/index.php?rest_route=\/wp\/v2\/pages\/155"}],"wp:attachment":[{"href":"https:\/\/sinfonia-baden.ch\/index.php?rest_route=%2Fwp%2Fv2%2Fmedia&parent=217"}],"curies":[{"name":"wp","href":"https:\/\/api.w.org\/{rel}","templated":true}]}}