{"id":22,"date":"2016-09-20T22:35:01","date_gmt":"2016-09-20T20:35:01","guid":{"rendered":"http:\/\/sinfonia-baden.ch\/wp_index.php\/?page_id=22"},"modified":"2025-09-03T07:23:08","modified_gmt":"2025-09-03T05:23:08","slug":"november-konzert","status":"publish","type":"page","link":"https:\/\/sinfonia-baden.ch\/?page_id=22","title":{"rendered":"M\u00e4rz 2026"},"content":{"rendered":"<h1 class=\"cgHgbA WvQL9w Xp24Nw\"><span class=\"OYPEnA\">\u00abEin Abend f\u00fcrs Orchester<strong>\u00bb<\/strong><\/span><\/h1>\n<p class=\"cvGsUA direction-ltr align-justify para-style-body\"><span class=\"a_GcMg font-feature-liga-off font-feature-clig-off font-feature-calt-off text-decoration-none text-strikethrough-none\">Was macht die Sinfonia Baden abseits der Konzertb\u00fchnen eigentlich aus?<\/span><\/p>\n<p class=\"cvGsUA direction-ltr align-justify para-style-body\"><span class=\"a_GcMg font-feature-liga-off font-feature-clig-off font-feature-calt-off text-decoration-none text-strikethrough-none\">Die Sinfonia als Verein pflegt nicht nur ein musikalisches Repertoire und \u00fcbt w\u00f6chentlich an Sinfonien und Ouvert\u00fcren, sie ist auch ein Ort f\u00fcr Bekanntschaften und Freundschaften, f\u00fcr einen Austausch \u00fcber Musik, Gott und die Welt.<\/span><\/p>\n<p class=\"cvGsUA direction-ltr align-justify para-style-body\"><span class=\"a_GcMg font-feature-liga-off font-feature-clig-off font-feature-calt-off text-decoration-none text-strikethrough-none\">Dieses Vereinsleben \u00abim Hintergrund\u00bb ist unabdingbar f\u00fcr unsere musikalischen Leistungen auf der B\u00fchne. Deshalb geh\u00f6rt diesem Aspekt des Orchesterlebens ein eigener Anlass in unserem Jubil\u00e4umsjahr. Unser traditioneller Kammermusikabend wird um ein Nachtessen mit dem Orchester und geladenen G\u00e4sten erweitert. Als Abonnentin und Abonnent d\u00fcrfen Sie ebenfalls an diesem besonderen Anlass teilnehmen. Wir freuen uns auf einen gem\u00fctlichen Abend mit Kammermusik, einem guten Nachtessen, Gespr\u00e4chen \u00fcber die Sinfonia und ihre Geschichte und \u00fcber den Austausch mit Ihnen.<\/span><\/p>\n<p>Sie h\u00f6ren am <strong>Samstag, 14. M\u00e4rz 2026, 18.00 Uhr <\/strong>in der <strong>Aula H\u00f6chi, Baden-D\u00e4ttwil <\/strong>ein <span class=\"a_GcMg font-feature-liga-off font-feature-clig-off font-feature-calt-off text-decoration-none text-strikethrough-none\">\u00dcberraschungsprogramm mit Kammermusik von und f\u00fcr die Sinfonia Baden, Abonnenten und geladene G\u00e4ste, abgerundet mit einem Nachtessen zur Feier des diesj\u00e4hrigen Jubil\u00e4ums.<\/span><\/p>\n","protected":false},"excerpt":{"rendered":"<p>\u00abEin Abend f\u00fcrs Orchester\u00bb Was macht die Sinfonia Baden abseits der Konzertb\u00fchnen eigentlich aus? Die Sinfonia als Verein pflegt nicht nur ein musikalisches Repertoire und \u00fcbt w\u00f6chentlich an Sinfonien und Ouvert\u00fcren, sie ist auch ein Ort f\u00fcr Bekanntschaften und Freundschaften, <a class=\"more-link\" href=\"https:\/\/sinfonia-baden.ch\/?page_id=22\">weiterlesen&#8230;<\/a><\/p>\n","protected":false},"author":9,"featured_media":0,"parent":13,"menu_order":3,"comment_status":"closed","ping_status":"closed","template":"","meta":{"footnotes":""},"class_list":["post-22","page","type-page","status-publish","hentry"],"_links":{"self":[{"href":"https:\/\/sinfonia-baden.ch\/index.php?rest_route=\/wp\/v2\/pages\/22","targetHints":{"allow":["GET"]}}],"collection":[{"href":"https:\/\/sinfonia-baden.ch\/index.php?rest_route=\/wp\/v2\/pages"}],"about":[{"href":"https:\/\/sinfonia-baden.ch\/index.php?rest_route=\/wp\/v2\/types\/page"}],"author":[{"embeddable":true,"href":"https:\/\/sinfonia-baden.ch\/index.php?rest_route=\/wp\/v2\/users\/9"}],"replies":[{"embeddable":true,"href":"https:\/\/sinfonia-baden.ch\/index.php?rest_route=%2Fwp%2Fv2%2Fcomments&post=22"}],"version-history":[{"count":105,"href":"https:\/\/sinfonia-baden.ch\/index.php?rest_route=\/wp\/v2\/pages\/22\/revisions"}],"predecessor-version":[{"id":3272,"href":"https:\/\/sinfonia-baden.ch\/index.php?rest_route=\/wp\/v2\/pages\/22\/revisions\/3272"}],"up":[{"embeddable":true,"href":"https:\/\/sinfonia-baden.ch\/index.php?rest_route=\/wp\/v2\/pages\/13"}],"wp:attachment":[{"href":"https:\/\/sinfonia-baden.ch\/index.php?rest_route=%2Fwp%2Fv2%2Fmedia&parent=22"}],"curies":[{"name":"wp","href":"https:\/\/api.w.org\/{rel}","templated":true}]}}