{"id":2990,"date":"2024-01-14T20:51:17","date_gmt":"2024-01-14T19:51:17","guid":{"rendered":"https:\/\/sinfonia-baden.ch\/?page_id=2990"},"modified":"2026-01-15T18:38:17","modified_gmt":"2026-01-15T17:38:17","slug":"unterstuetzung","status":"publish","type":"page","link":"https:\/\/sinfonia-baden.ch\/?page_id=2990","title":{"rendered":"Unterst\u00fctzung"},"content":{"rendered":"<h3>Die Sinfonia Baden dankt<\/h3>\n<p>den G\u00f6nnern, den Passivmitgliedern sowie den folgenden Gemeinden und Institutionen f\u00fcr die Unterst\u00fctzung:<\/p>\n<p><img loading=\"lazy\" decoding=\"async\" class=\"wp-image-3302 alignleft\" src=\"https:\/\/sinfonia-baden.ch\/wp-content\/uploads\/2025\/10\/Logo-Ortsbuergergemeinde-Baden-farbig-gif.gif\" alt=\"\" width=\"210\" height=\"61\" \/><img loading=\"lazy\" decoding=\"async\" class=\"wp-image-3300 alignleft\" src=\"https:\/\/sinfonia-baden.ch\/wp-content\/uploads\/2025\/10\/Dank-Baden_Ennetbaden_Untersiggenthal.png\" alt=\"\" width=\"290\" height=\"64\" srcset=\"https:\/\/sinfonia-baden.ch\/wp-content\/uploads\/2025\/10\/Dank-Baden_Ennetbaden_Untersiggenthal.png 908w, https:\/\/sinfonia-baden.ch\/wp-content\/uploads\/2025\/10\/Dank-Baden_Ennetbaden_Untersiggenthal-300x66.png 300w, https:\/\/sinfonia-baden.ch\/wp-content\/uploads\/2025\/10\/Dank-Baden_Ennetbaden_Untersiggenthal-768x170.png 768w, https:\/\/sinfonia-baden.ch\/wp-content\/uploads\/2025\/10\/Dank-Baden_Ennetbaden_Untersiggenthal-100x22.png 100w\" sizes=\"auto, (max-width: 290px) 100vw, 290px\" \/><img loading=\"lazy\" decoding=\"async\" class=\"alignnone wp-image-3041\" src=\"https:\/\/sinfonia-baden.ch\/wp-content\/uploads\/2024\/02\/AargauerKuratorium-300x196.png\" alt=\"\" width=\"163\" height=\"106\" srcset=\"https:\/\/sinfonia-baden.ch\/wp-content\/uploads\/2024\/02\/AargauerKuratorium-300x196.png 300w, https:\/\/sinfonia-baden.ch\/wp-content\/uploads\/2024\/02\/AargauerKuratorium.png 500w\" sizes=\"auto, (max-width: 163px) 100vw, 163px\" \/><\/p>\n<p>In der aktuellen Saison werden wir von folgenden Partnern unterst\u00fctzt:<\/p>\n<p><img loading=\"lazy\" decoding=\"async\" class=\"alignnone wp-image-3305\" src=\"https:\/\/sinfonia-baden.ch\/wp-content\/uploads\/2025\/10\/swisslos-logo-scharzweiss.jpg\" alt=\"\" width=\"291\" height=\"61\" srcset=\"https:\/\/sinfonia-baden.ch\/wp-content\/uploads\/2025\/10\/swisslos-logo-scharzweiss.jpg 1240w, https:\/\/sinfonia-baden.ch\/wp-content\/uploads\/2025\/10\/swisslos-logo-scharzweiss-300x63.jpg 300w, https:\/\/sinfonia-baden.ch\/wp-content\/uploads\/2025\/10\/swisslos-logo-scharzweiss-1024x215.jpg 1024w, https:\/\/sinfonia-baden.ch\/wp-content\/uploads\/2025\/10\/swisslos-logo-scharzweiss-768x161.jpg 768w, https:\/\/sinfonia-baden.ch\/wp-content\/uploads\/2025\/10\/swisslos-logo-scharzweiss-100x21.jpg 100w\" sizes=\"auto, (max-width: 291px) 100vw, 291px\" \/>\u00a0 \u00a0 \u00a0 \u00a0 \u00a0\u00a0<img loading=\"lazy\" decoding=\"async\" class=\"alignnone wp-image-3034\" src=\"https:\/\/sinfonia-baden.ch\/wp-content\/uploads\/2024\/02\/Stadtcasino_Version_1-300x204.jpg\" alt=\"\" width=\"147\" height=\"100\" srcset=\"https:\/\/sinfonia-baden.ch\/wp-content\/uploads\/2024\/02\/Stadtcasino_Version_1-300x204.jpg 300w, https:\/\/sinfonia-baden.ch\/wp-content\/uploads\/2024\/02\/Stadtcasino_Version_1-1024x695.jpg 1024w, https:\/\/sinfonia-baden.ch\/wp-content\/uploads\/2024\/02\/Stadtcasino_Version_1-768x521.jpg 768w, https:\/\/sinfonia-baden.ch\/wp-content\/uploads\/2024\/02\/Stadtcasino_Version_1-1536x1043.jpg 1536w, https:\/\/sinfonia-baden.ch\/wp-content\/uploads\/2024\/02\/Stadtcasino_Version_1-2048x1390.jpg 2048w, https:\/\/sinfonia-baden.ch\/wp-content\/uploads\/2024\/02\/Stadtcasino_Version_1-1320x896.jpg 1320w\" sizes=\"auto, (max-width: 147px) 100vw, 147px\" \/>\u00a0 \u00a0\u00a0\u00a0 \u00a0 \u00a0 \u00a0 <img loading=\"lazy\" decoding=\"async\" class=\"alignnone wp-image-3038\" src=\"https:\/\/sinfonia-baden.ch\/wp-content\/uploads\/2024\/02\/Geiegenbauer-Burger-300x300.jpg\" alt=\"\" width=\"113\" height=\"113\" srcset=\"https:\/\/sinfonia-baden.ch\/wp-content\/uploads\/2024\/02\/Geiegenbauer-Burger-300x300.jpg 300w, https:\/\/sinfonia-baden.ch\/wp-content\/uploads\/2024\/02\/Geiegenbauer-Burger-150x150.jpg 150w, https:\/\/sinfonia-baden.ch\/wp-content\/uploads\/2024\/02\/Geiegenbauer-Burger-768x771.jpg 768w, https:\/\/sinfonia-baden.ch\/wp-content\/uploads\/2024\/02\/Geiegenbauer-Burger.jpg 901w\" sizes=\"auto, (max-width: 113px) 100vw, 113px\" \/>\u00a0 \u00a0 \u00a0 \u00a0 \u00a0<img loading=\"lazy\" decoding=\"async\" class=\"alignnone wp-image-3303\" src=\"https:\/\/sinfonia-baden.ch\/wp-content\/uploads\/2025\/10\/Logo_Wortgestalt.png\" alt=\"\" width=\"127\" height=\"108\" srcset=\"https:\/\/sinfonia-baden.ch\/wp-content\/uploads\/2025\/10\/Logo_Wortgestalt.png 1024w, https:\/\/sinfonia-baden.ch\/wp-content\/uploads\/2025\/10\/Logo_Wortgestalt-300x255.png 300w, https:\/\/sinfonia-baden.ch\/wp-content\/uploads\/2025\/10\/Logo_Wortgestalt-768x652.png 768w, https:\/\/sinfonia-baden.ch\/wp-content\/uploads\/2025\/10\/Logo_Wortgestalt-100x85.png 100w\" sizes=\"auto, (max-width: 127px) 100vw, 127px\" \/><\/p>\n<p><img loading=\"lazy\" decoding=\"async\" class=\"alignnone wp-image-3314 \" src=\"https:\/\/sinfonia-baden.ch\/wp-content\/uploads\/2026\/01\/Raiffeisenbank-e1768498487545.png\" alt=\"\" width=\"306\" height=\"130\" srcset=\"https:\/\/sinfonia-baden.ch\/wp-content\/uploads\/2026\/01\/Raiffeisenbank-e1768498487545.png 344w, https:\/\/sinfonia-baden.ch\/wp-content\/uploads\/2026\/01\/Raiffeisenbank-e1768498487545-300x127.png 300w, https:\/\/sinfonia-baden.ch\/wp-content\/uploads\/2026\/01\/Raiffeisenbank-e1768498487545-100x42.png 100w\" sizes=\"auto, (max-width: 306px) 100vw, 306px\" \/> <img loading=\"lazy\" decoding=\"async\" class=\"alignnone  wp-image-3315\" src=\"https:\/\/sinfonia-baden.ch\/wp-content\/uploads\/2026\/01\/ApothekeWyss.png\" alt=\"\" width=\"163\" height=\"162\" srcset=\"https:\/\/sinfonia-baden.ch\/wp-content\/uploads\/2026\/01\/ApothekeWyss.png 476w, https:\/\/sinfonia-baden.ch\/wp-content\/uploads\/2026\/01\/ApothekeWyss-300x298.png 300w, https:\/\/sinfonia-baden.ch\/wp-content\/uploads\/2026\/01\/ApothekeWyss-150x150.png 150w, https:\/\/sinfonia-baden.ch\/wp-content\/uploads\/2026\/01\/ApothekeWyss-100x99.png 100w\" sizes=\"auto, (max-width: 163px) 100vw, 163px\" \/><img loading=\"lazy\" decoding=\"async\" class=\"alignnone wp-image-3306\" src=\"https:\/\/sinfonia-baden.ch\/wp-content\/uploads\/2025\/10\/Zehnder-Treuhand-Logo-scaled.png\" alt=\"\" width=\"281\" height=\"129\" srcset=\"https:\/\/sinfonia-baden.ch\/wp-content\/uploads\/2025\/10\/Zehnder-Treuhand-Logo-scaled.png 2560w, https:\/\/sinfonia-baden.ch\/wp-content\/uploads\/2025\/10\/Zehnder-Treuhand-Logo-300x138.png 300w, https:\/\/sinfonia-baden.ch\/wp-content\/uploads\/2025\/10\/Zehnder-Treuhand-Logo-1024x470.png 1024w, https:\/\/sinfonia-baden.ch\/wp-content\/uploads\/2025\/10\/Zehnder-Treuhand-Logo-768x353.png 768w, https:\/\/sinfonia-baden.ch\/wp-content\/uploads\/2025\/10\/Zehnder-Treuhand-Logo-100x46.png 100w, https:\/\/sinfonia-baden.ch\/wp-content\/uploads\/2025\/10\/Zehnder-Treuhand-Logo-1536x705.png 1536w, https:\/\/sinfonia-baden.ch\/wp-content\/uploads\/2025\/10\/Zehnder-Treuhand-Logo-2048x940.png 2048w, https:\/\/sinfonia-baden.ch\/wp-content\/uploads\/2025\/10\/Zehnder-Treuhand-Logo-1320x606.png 1320w\" sizes=\"auto, (max-width: 281px) 100vw, 281px\" \/><img loading=\"lazy\" decoding=\"async\" class=\"alignnone  wp-image-3317\" src=\"https:\/\/sinfonia-baden.ch\/wp-content\/uploads\/2026\/01\/ReklameFabrikLogo-1024x342.png\" alt=\"\" width=\"336\" height=\"112\" srcset=\"https:\/\/sinfonia-baden.ch\/wp-content\/uploads\/2026\/01\/ReklameFabrikLogo-1024x342.png 1024w, https:\/\/sinfonia-baden.ch\/wp-content\/uploads\/2026\/01\/ReklameFabrikLogo-300x100.png 300w, https:\/\/sinfonia-baden.ch\/wp-content\/uploads\/2026\/01\/ReklameFabrikLogo-768x256.png 768w, https:\/\/sinfonia-baden.ch\/wp-content\/uploads\/2026\/01\/ReklameFabrikLogo-100x33.png 100w, https:\/\/sinfonia-baden.ch\/wp-content\/uploads\/2026\/01\/ReklameFabrikLogo-1536x513.png 1536w, https:\/\/sinfonia-baden.ch\/wp-content\/uploads\/2026\/01\/ReklameFabrikLogo-1320x441.png 1320w, https:\/\/sinfonia-baden.ch\/wp-content\/uploads\/2026\/01\/ReklameFabrikLogo.png 1612w\" sizes=\"auto, (max-width: 336px) 100vw, 336px\" \/><\/p>\n<ul>\n<li>sowie der <strong>Aargauer Kantonalbank<\/strong><\/li>\n<\/ul>\n<p>In den vergangenen Konzertzyklen konnten wir auf die Unterst\u00fctzung folgender Partner z\u00e4hlen:<\/p>\n<p><span class=\"image-block caption-not-show\"><img loading=\"lazy\" decoding=\"async\" class=\"alignnone wp-image-3033\" src=\"https:\/\/sinfonia-baden.ch\/wp-content\/uploads\/2024\/02\/Raiffeisen_LB_ihreBank_Logo_sw-300x100.jpg\" alt=\"\" width=\"189\" height=\"63\" srcset=\"https:\/\/sinfonia-baden.ch\/wp-content\/uploads\/2024\/02\/Raiffeisen_LB_ihreBank_Logo_sw-300x100.jpg 300w, https:\/\/sinfonia-baden.ch\/wp-content\/uploads\/2024\/02\/Raiffeisen_LB_ihreBank_Logo_sw-1024x341.jpg 1024w, https:\/\/sinfonia-baden.ch\/wp-content\/uploads\/2024\/02\/Raiffeisen_LB_ihreBank_Logo_sw-768x256.jpg 768w, https:\/\/sinfonia-baden.ch\/wp-content\/uploads\/2024\/02\/Raiffeisen_LB_ihreBank_Logo_sw-1536x512.jpg 1536w, https:\/\/sinfonia-baden.ch\/wp-content\/uploads\/2024\/02\/Raiffeisen_LB_ihreBank_Logo_sw-2048x683.jpg 2048w, https:\/\/sinfonia-baden.ch\/wp-content\/uploads\/2024\/02\/Raiffeisen_LB_ihreBank_Logo_sw-1320x440.jpg 1320w\" sizes=\"auto, (max-width: 189px) 100vw, 189px\" \/><\/span>\u00a0 \u00a0<img loading=\"lazy\" decoding=\"async\" class=\"alignnone wp-image-3039\" src=\"https:\/\/sinfonia-baden.ch\/wp-content\/uploads\/2024\/02\/Frei_Logo_blau_nur_Logo-300x208.jpg\" alt=\"\" width=\"109\" height=\"75\" srcset=\"https:\/\/sinfonia-baden.ch\/wp-content\/uploads\/2024\/02\/Frei_Logo_blau_nur_Logo-300x208.jpg 300w, https:\/\/sinfonia-baden.ch\/wp-content\/uploads\/2024\/02\/Frei_Logo_blau_nur_Logo-1024x710.jpg 1024w, https:\/\/sinfonia-baden.ch\/wp-content\/uploads\/2024\/02\/Frei_Logo_blau_nur_Logo-768x533.jpg 768w, https:\/\/sinfonia-baden.ch\/wp-content\/uploads\/2024\/02\/Frei_Logo_blau_nur_Logo-1536x1065.jpg 1536w, https:\/\/sinfonia-baden.ch\/wp-content\/uploads\/2024\/02\/Frei_Logo_blau_nur_Logo-2048x1420.jpg 2048w, https:\/\/sinfonia-baden.ch\/wp-content\/uploads\/2024\/02\/Frei_Logo_blau_nur_Logo-1320x915.jpg 1320w\" sizes=\"auto, (max-width: 109px) 100vw, 109px\" \/><img loading=\"lazy\" decoding=\"async\" class=\"alignnone wp-image-3192\" src=\"https:\/\/sinfonia-baden.ch\/wp-content\/uploads\/2025\/01\/LogoAnnePoland.png\" alt=\"\" width=\"318\" height=\"124\" srcset=\"https:\/\/sinfonia-baden.ch\/wp-content\/uploads\/2025\/01\/LogoAnnePoland.png 1281w, https:\/\/sinfonia-baden.ch\/wp-content\/uploads\/2025\/01\/LogoAnnePoland-300x117.png 300w, https:\/\/sinfonia-baden.ch\/wp-content\/uploads\/2025\/01\/LogoAnnePoland-1024x399.png 1024w, https:\/\/sinfonia-baden.ch\/wp-content\/uploads\/2025\/01\/LogoAnnePoland-768x299.png 768w\" sizes=\"auto, (max-width: 318px) 100vw, 318px\" \/><img loading=\"lazy\" decoding=\"async\" class=\"alignnone wp-image-3197\" src=\"https:\/\/sinfonia-baden.ch\/wp-content\/uploads\/2025\/02\/Mobiliar-Logo.png\" alt=\"\" width=\"278\" height=\"157\" srcset=\"https:\/\/sinfonia-baden.ch\/wp-content\/uploads\/2025\/02\/Mobiliar-Logo.png 2640w, https:\/\/sinfonia-baden.ch\/wp-content\/uploads\/2025\/02\/Mobiliar-Logo-300x169.png 300w, https:\/\/sinfonia-baden.ch\/wp-content\/uploads\/2025\/02\/Mobiliar-Logo-1024x576.png 1024w, https:\/\/sinfonia-baden.ch\/wp-content\/uploads\/2025\/02\/Mobiliar-Logo-768x432.png 768w, https:\/\/sinfonia-baden.ch\/wp-content\/uploads\/2025\/02\/Mobiliar-Logo-1536x865.png 1536w, https:\/\/sinfonia-baden.ch\/wp-content\/uploads\/2025\/02\/Mobiliar-Logo-2048x1153.png 2048w, https:\/\/sinfonia-baden.ch\/wp-content\/uploads\/2025\/02\/Mobiliar-Logo-400x225.png 400w, https:\/\/sinfonia-baden.ch\/wp-content\/uploads\/2025\/02\/Mobiliar-Logo-780x439.png 780w, https:\/\/sinfonia-baden.ch\/wp-content\/uploads\/2025\/02\/Mobiliar-Logo-1320x743.png 1320w\" sizes=\"auto, (max-width: 278px) 100vw, 278px\" \/><img loading=\"lazy\" decoding=\"async\" class=\"alignnone wp-image-3032\" src=\"https:\/\/sinfonia-baden.ch\/wp-content\/uploads\/2024\/02\/Logo-copycenter-300x181.png\" alt=\"\" width=\"262\" height=\"158\" srcset=\"https:\/\/sinfonia-baden.ch\/wp-content\/uploads\/2024\/02\/Logo-copycenter-300x181.png 300w, https:\/\/sinfonia-baden.ch\/wp-content\/uploads\/2024\/02\/Logo-copycenter.png 402w\" sizes=\"auto, (max-width: 262px) 100vw, 262px\" \/><\/p>\n<p>&nbsp;<\/p>\n<p>&nbsp;<\/p>\n<p>&nbsp;<\/p>\n<p>&nbsp;<\/p>\n<p>&nbsp;<\/p>\n","protected":false},"excerpt":{"rendered":"<p>Die Sinfonia Baden dankt den G\u00f6nnern, den Passivmitgliedern sowie den folgenden Gemeinden und Institutionen f\u00fcr die Unterst\u00fctzung: In der aktuellen Saison werden wir von folgenden Partnern unterst\u00fctzt: \u00a0 \u00a0 \u00a0 \u00a0 \u00a0\u00a0\u00a0 \u00a0\u00a0\u00a0 \u00a0 \u00a0 \u00a0 \u00a0 \u00a0 \u00a0 \u00a0 <a class=\"more-link\" href=\"https:\/\/sinfonia-baden.ch\/?page_id=2990\">weiterlesen&#8230;<\/a><\/p>\n","protected":false},"author":9,"featured_media":0,"parent":0,"menu_order":0,"comment_status":"closed","ping_status":"closed","template":"","meta":{"footnotes":""},"class_list":["post-2990","page","type-page","status-publish","hentry"],"_links":{"self":[{"href":"https:\/\/sinfonia-baden.ch\/index.php?rest_route=\/wp\/v2\/pages\/2990","targetHints":{"allow":["GET"]}}],"collection":[{"href":"https:\/\/sinfonia-baden.ch\/index.php?rest_route=\/wp\/v2\/pages"}],"about":[{"href":"https:\/\/sinfonia-baden.ch\/index.php?rest_route=\/wp\/v2\/types\/page"}],"author":[{"embeddable":true,"href":"https:\/\/sinfonia-baden.ch\/index.php?rest_route=\/wp\/v2\/users\/9"}],"replies":[{"embeddable":true,"href":"https:\/\/sinfonia-baden.ch\/index.php?rest_route=%2Fwp%2Fv2%2Fcomments&post=2990"}],"version-history":[{"count":17,"href":"https:\/\/sinfonia-baden.ch\/index.php?rest_route=\/wp\/v2\/pages\/2990\/revisions"}],"predecessor-version":[{"id":3318,"href":"https:\/\/sinfonia-baden.ch\/index.php?rest_route=\/wp\/v2\/pages\/2990\/revisions\/3318"}],"wp:attachment":[{"href":"https:\/\/sinfonia-baden.ch\/index.php?rest_route=%2Fwp%2Fv2%2Fmedia&parent=2990"}],"curies":[{"name":"wp","href":"https:\/\/api.w.org\/{rel}","templated":true}]}}