{"id":315,"date":"2016-09-28T20:53:01","date_gmt":"2016-09-28T18:53:01","guid":{"rendered":"http:\/\/sinfonia-baden.ch\/wp_index.php\/?page_id=315"},"modified":"2022-06-26T15:09:59","modified_gmt":"2022-06-26T13:09:59","slug":"saison-201415","status":"publish","type":"page","link":"https:\/\/sinfonia-baden.ch\/?page_id=315","title":{"rendered":"Saison 2014\/15"},"content":{"rendered":"<h4>Aus der Orchestergesellschaft Baden wird <span class=\"sb\">Sinfonia Baden<\/span><\/h4>\n<p>Die <span class=\"sb\">Sinfonia Baden<\/span> feierte ihre Namenstaufe am 9. November 2014 mit dem Er\u00f6ffnungskonzert des aktuellen Zyklus 2014\/15 vor vollen Publikumsr\u00e4ngen in der Trafohalle. Die Musikalische Leiterin Felicitas Gadient erschuf ein Programm mit Komponisten die jeweils doppelt beleuchtet wurden. Felicitas Gadient, die Dirigentin, entlockte dem Orchester eine wundervolle Klangpracht.<\/p>\n<p>&nbsp;<\/p>\n<h4>Ein spezielles H\u00f6rerlebnis\u00a0\u2013\u00a0Juni 2015, Kurtheater<\/h4>\n<p><strong>No Images.<\/strong><br\/>Please upload images in images manager section. Click on Manage Images button on the right side of the gallery settings.<br \/><strong><\/strong><\/p>\n<p>Saison-Schlusskonzert der <span class=\"sb\">Sinfonia Baden<\/span> mit \u00dcberraschung. Da staunten einige Besucher, als sie an der Garderobe im Kurtheater Baden von Christine Egerszegi-Obrist, St\u00e4nder\u00e4tin und\u00a0 Daniel Schaerer, Cellist begr\u00fcsst und bedient wurden! Ein Taufgeschenk der beiden <span class=\"sb\">Sinfonia Baden<\/span> Paten, das bei den Besuchern sehr gut ankam.<\/p>\n<p>Nach dem Konzert fand\u00a0der 1. sinfonia-pers\u00f6nlich Ap\u00e9ro statt, welcher von der Raiffeisenbank L\u00e4gern-Baregg unterst\u00fctzt wurde.\u00a0Die beiden jungen talentierten Solisten Moritz Roelcke, Klarinette, und Roman Blum, Bassetthorn, stellten sich und ihre Musikinstrumente den G\u00e4sten vor.<\/p>\n<p>&nbsp;<\/p>\n<h4>Er\u00f6ffnungskonzert: \u00abSchumann und Schumann\u00bb\u00a0\u2013\u00a0November \u00a02014, Trafhalle Baden<\/h4>\n<p><strong>No Images.<\/strong><br\/>Please upload images in images manager section. Click on Manage Images button on the right side of the gallery settings.<br \/><strong><\/strong><\/p>\n<p>Die <span class=\"sb\">Sinfonia Baden<\/span> feierte ihre Namenstage vor vollen Publikumsr\u00e4ngen in der Trafohalle. Das virtuos und wunderbar aufeinander abgestimmte Zusammenspiel des jungen Schumann-Quartetts begeisterte das <span class=\"sb\">Sinfonia Baden<\/span> Publikum. Den vier Talenten wird nach einem fulminanten Start eine grosse Zukunft vorausgesagt. (Foto: Susanne Venditti)<\/p>\n<p>&nbsp;<\/p>\n<h4>Besuch im Geigenbauatelier Michael Rhonheimer<\/h4>\n<p><strong>No Images.<\/strong><br\/>Please upload images in images manager section. Click on Manage Images button on the right side of the gallery settings.<br \/><strong><\/strong><\/p>\n<p>Mit der Einladung in sein Atelier er\u00f6ffnete Michael Rhonheimer den Mitgliedern der <span class=\"sb\">Sinfonia Baden<\/span> Einblick in sein feines, \u00fcberaus pr\u00e4zises Handwerk. Im zweiten Teil des Besuches ging es um Instrumentenpflege. Unter kundiger Anleitung des Meisters wurden festsitzende Wirbel gel\u00f6st und Instrumente vom Kolophoniumstaub befreit, was sich befreiend auf den Klang auswirken kann. (Foto: Susanne Venditti)<\/p>\n<p>&nbsp;<\/p>\n<h4>Der neue Zusammenklang in der Region \u2013 Aufbruch 2014<\/h4>\n<p><p><strong>No Images.<\/strong><br\/>Please upload images in images manager section. Click on Manage Images button on the right side of the gallery settings.<br \/><strong><\/strong><\/p><br \/>\n<span class=\"sb\">Sinfonia Baden<\/span> \u2013 mit neuem Namen und neuer Energie in die Zukunft Sinfonia steht f\u00fcr \u00abZusammenklang\u00bb, f\u00fcr Aufbruchstimmung, f\u00fcr Leidenschaft und Freude am Musizieren. <span class=\"sb\">Sinfonia Baden<\/span> pflegt und f\u00f6rdert den Zusammenklang in der Region, den Zusammenklang von verschiedenen Generationen, von Laien und Profis, von Orchester und Solisten. (Foto: Susanne Venditti)<\/p>\n<p>&nbsp;<\/p>\n<p>&nbsp;<\/p>\n","protected":false},"excerpt":{"rendered":"<p>Aus der Orchestergesellschaft Baden wird Sinfonia Baden Die Sinfonia Baden feierte ihre Namenstaufe am 9. November 2014 mit dem Er\u00f6ffnungskonzert des aktuellen Zyklus 2014\/15 vor vollen Publikumsr\u00e4ngen in der Trafohalle. Die Musikalische Leiterin Felicitas Gadient erschuf ein Programm mit Komponisten <a class=\"more-link\" href=\"https:\/\/sinfonia-baden.ch\/?page_id=315\">weiterlesen&#8230;<\/a><\/p>\n","protected":false},"author":9,"featured_media":0,"parent":155,"menu_order":8,"comment_status":"closed","ping_status":"closed","template":"","meta":{"footnotes":""},"class_list":["post-315","page","type-page","status-publish","hentry"],"_links":{"self":[{"href":"https:\/\/sinfonia-baden.ch\/index.php?rest_route=\/wp\/v2\/pages\/315","targetHints":{"allow":["GET"]}}],"collection":[{"href":"https:\/\/sinfonia-baden.ch\/index.php?rest_route=\/wp\/v2\/pages"}],"about":[{"href":"https:\/\/sinfonia-baden.ch\/index.php?rest_route=\/wp\/v2\/types\/page"}],"author":[{"embeddable":true,"href":"https:\/\/sinfonia-baden.ch\/index.php?rest_route=\/wp\/v2\/users\/9"}],"replies":[{"embeddable":true,"href":"https:\/\/sinfonia-baden.ch\/index.php?rest_route=%2Fwp%2Fv2%2Fcomments&post=315"}],"version-history":[{"count":22,"href":"https:\/\/sinfonia-baden.ch\/index.php?rest_route=\/wp\/v2\/pages\/315\/revisions"}],"predecessor-version":[{"id":1816,"href":"https:\/\/sinfonia-baden.ch\/index.php?rest_route=\/wp\/v2\/pages\/315\/revisions\/1816"}],"up":[{"embeddable":true,"href":"https:\/\/sinfonia-baden.ch\/index.php?rest_route=\/wp\/v2\/pages\/155"}],"wp:attachment":[{"href":"https:\/\/sinfonia-baden.ch\/index.php?rest_route=%2Fwp%2Fv2%2Fmedia&parent=315"}],"curies":[{"name":"wp","href":"https:\/\/api.w.org\/{rel}","templated":true}]}}