{"id":3224,"date":"2025-03-29T14:39:03","date_gmt":"2025-03-29T13:39:03","guid":{"rendered":"https:\/\/sinfonia-baden.ch\/?page_id=3224"},"modified":"2025-03-29T14:39:03","modified_gmt":"2025-03-29T13:39:03","slug":"portrait-der-sinfonia-baden","status":"publish","type":"page","link":"https:\/\/sinfonia-baden.ch\/?page_id=3224","title":{"rendered":"Portrait der Sinfonia Baden"},"content":{"rendered":"<p class=\"western\">\n<p class=\"western\" align=\"justify\"><span style=\"font-family: Arial, serif;\"><i>Seit Sommer 2017 steht die Sinfonia Baden unter der musikalischen Leitung von Roman Blum. Das Orchester bietet jungen sowie erfahrenen Laienmusikern eine inspirierende Orchesterumgebung unter professioneller Leitung. Junge, talentierte, aufstrebende Profi-Musiker finden im ve\u00adrsierten Orchesterrahmen eine wertvolle Auftrittsm\u00f6glichkeit.<\/i><\/span><\/p>\n<p class=\"western\" align=\"justify\"><span style=\"font-family: Arial, serif;\"><b>Sinfonia Baden \u2013 Zusammenklang in der Region und dar\u00fcber hinaus<\/b><\/span><\/p>\n<p class=\"western\" align=\"justify\"><span style=\"font-family: Arial, serif;\">Sinfonia steht f\u00fcr Zusammenklang, sowohl innerhalb des Orchesters, wie auch zusammen mit professionellen, solistisch auftretenden Musikern: Die Arbeit mit etablierten Solisten und Ensembles, und auch mit Nachwuchstalenten, ist stets eine fantastische Herausforderung f\u00fcr die Laienmusiker der Sinfonia Baden. Oft entstehen langj\u00e4hrige, musikalische und freundschaftliche Verbindungen mit den professionellen Musikern, wie die Programme der letzten Jahrzehnte zeigen.<\/span><\/p>\n<p class=\"western\" align=\"justify\"><span style=\"font-family: Arial, serif;\">Die Erarbeitung der Werke unter sachkundiger musikalischer Leitung ist die Hauptt\u00e4tigkeit der Sinfonia Baden, bei der laufend am Orchesterklang, an der Technik und der Interpretation gearbeitet wird. F\u00fcr die Konzerte werden professionelle Bl\u00e4ser und Perkussionisten hinzugezogen, oft Musikerinnen und Musiker aus dem Kanton Aargau.<\/span><\/p>\n<p class=\"western\" align=\"justify\"><span style=\"font-family: Arial, serif;\">Auf Ende des Zyklus 2016\/17 legte die langj\u00e4hrige musikalische Leiterin Felicitas Gadient ihr Amt nieder. Im Sommer 2017 wurde der Dirigent, Klarinettisten und P\u00e4dagoge Roman Blum vorerst f\u00fcr zwei Konzerte und ab Sommer 2018 fest als neuer musikalischer Leiter der Sinfonia Baden verpflichtet. <\/span><\/p>\n<p class=\"western\" align=\"justify\"><span style=\"font-family: Arial, serif;\"><b><br \/>\nKonzertt\u00e4tigkeit<\/b><\/span><span style=\"font-family: Arial, serif;\"><br \/>\nDie Sinfonia Baden f\u00fchrt j\u00e4hrlich drei Programme auf, jeweils im November, M\u00e4rz und Juni. Die drei Konzerte werden jeweils zusammen als Jahreszyklus konzipiert, f\u00fcr den neben Einzeleintritten auch Abonnemente erh\u00e4ltlich sind. Die Konzerte werden durchschnittlich von etwa 200-350 Zuh\u00f6rerinnen und Zuh\u00f6rern besucht. Zu den regelm\u00e4ssigen Konzertorten geh\u00f6ren das Kurtheater Baden, die Stadtkirche Baden, die Aula Martinsberg sowie die Trafohalle Baden.<\/span><\/p>\n<p class=\"western\" align=\"justify\"><span style=\"font-family: Arial, serif;\"><b>Konzertzyklen <\/b><\/span><\/p>\n<p class=\"western\" align=\"justify\"><span style=\"font-family: Arial, serif;\">Die Programme der Sinfonia Baden werden von der k\u00fcnstlerischen Leitung konzipiert, einstudiert und geleitet. Sie beinhalten ein weites Spektrum von Werken von Renaissance und Barock bis hin zum zwanzigsten Jahrhundert. Der Schwerpunkt liegt aber in der Klassik und Romantik. Immer wieder gelangen neben sehr beliebten und bekannten Werken auch selten gespielte St\u00fccke zur Auff\u00fchrung. Neben konventionellen Konzerten finden auch Exkurse in andere Gebiete Platz, wie zum Beispiel im November 2021, als das Orchester Filmmusik programmiert hatte und in einer praktisch ausverkauften Trafohalle auff\u00fchrte. <\/span><\/p>\n<p class=\"western\" align=\"justify\"><span style=\"font-family: Arial, serif;\"><b>Die Sinfonia Baden in der Kulturlandschaft der Region Baden<\/b><\/span><\/p>\n<p class=\"western\" align=\"justify\"><span style=\"font-family: Arial, serif;\">Die Sinfonia Baden ist das gr\u00f6sste Orchester in der Region, das allen versierten Laien offensteht und regelm\u00e4ssig sinfonische Werke zur Auff\u00fchrung bringt. Sie ist neben dem argovia philharmonic das einzige Sinfonieorchester mit regelm\u00e4ssig mehreren j\u00e4hrlichen Konzerten in Baden. Die Ausrichtung der Sinfonia unterscheidet sich klar von anderen regionalen Orchestern wie dem Wettinger Kammerorchester K65, vom Stella Maris Orchestra, dessen Schwerpunkt auf Musik aus der Barock-Zeit liegt und auch von den verschiedenen Schul-, Jugend- und Projektorchestern, deren Mitglieder bestimmten Altersgruppen angeh\u00f6ren. So setzt sich das Orchester aus einer breiten Mischung von Mitgliedern aus Gemeinden der Region zusammen, mit einer bemerkenswerten Altersverteilung von knapp 20 bis 70 Jahren. Die Konzerte finden regelm\u00e4ssig gute Beachtung, nicht nur beim Publikum sondern auch in der Lokalpresse, was sicher auf die gute Mischung der aufgef\u00fchrten Werke und auch das Engagement renommierter Solistinnen und Solisten zur\u00fcckzuf\u00fchren ist.<\/span><\/p>\n","protected":false},"excerpt":{"rendered":"<p>Seit Sommer 2017 steht die Sinfonia Baden unter der musikalischen Leitung von Roman Blum. Das Orchester bietet jungen sowie erfahrenen Laienmusikern eine inspirierende Orchesterumgebung unter professioneller Leitung. Junge, talentierte, aufstrebende Profi-Musiker finden im ve\u00adrsierten Orchesterrahmen eine wertvolle Auftrittsm\u00f6glichkeit. Sinfonia Baden <a class=\"more-link\" href=\"https:\/\/sinfonia-baden.ch\/?page_id=3224\">weiterlesen&#8230;<\/a><\/p>\n","protected":false},"author":12,"featured_media":0,"parent":81,"menu_order":2,"comment_status":"closed","ping_status":"closed","template":"","meta":{"footnotes":""},"class_list":["post-3224","page","type-page","status-publish","hentry"],"_links":{"self":[{"href":"https:\/\/sinfonia-baden.ch\/index.php?rest_route=\/wp\/v2\/pages\/3224","targetHints":{"allow":["GET"]}}],"collection":[{"href":"https:\/\/sinfonia-baden.ch\/index.php?rest_route=\/wp\/v2\/pages"}],"about":[{"href":"https:\/\/sinfonia-baden.ch\/index.php?rest_route=\/wp\/v2\/types\/page"}],"author":[{"embeddable":true,"href":"https:\/\/sinfonia-baden.ch\/index.php?rest_route=\/wp\/v2\/users\/12"}],"replies":[{"embeddable":true,"href":"https:\/\/sinfonia-baden.ch\/index.php?rest_route=%2Fwp%2Fv2%2Fcomments&post=3224"}],"version-history":[{"count":1,"href":"https:\/\/sinfonia-baden.ch\/index.php?rest_route=\/wp\/v2\/pages\/3224\/revisions"}],"predecessor-version":[{"id":3225,"href":"https:\/\/sinfonia-baden.ch\/index.php?rest_route=\/wp\/v2\/pages\/3224\/revisions\/3225"}],"up":[{"embeddable":true,"href":"https:\/\/sinfonia-baden.ch\/index.php?rest_route=\/wp\/v2\/pages\/81"}],"wp:attachment":[{"href":"https:\/\/sinfonia-baden.ch\/index.php?rest_route=%2Fwp%2Fv2%2Fmedia&parent=3224"}],"curies":[{"name":"wp","href":"https:\/\/api.w.org\/{rel}","templated":true}]}}