{"id":35,"date":"2016-09-21T22:59:58","date_gmt":"2016-09-21T20:59:58","guid":{"rendered":"http:\/\/sinfonia-baden.ch\/wp_index.php\/?page_id=35"},"modified":"2025-09-10T21:31:32","modified_gmt":"2025-09-10T19:31:32","slug":"maerz-konzert","status":"publish","type":"page","link":"https:\/\/sinfonia-baden.ch\/?page_id=35","title":{"rendered":"November 2025"},"content":{"rendered":"<h1><img loading=\"lazy\" decoding=\"async\" class=\"wp-image-3269 alignright\" src=\"https:\/\/sinfonia-baden.ch\/wp-content\/uploads\/2025\/09\/Bild_Nov25_Konzert.png\" alt=\"\" width=\"547\" height=\"290\" srcset=\"https:\/\/sinfonia-baden.ch\/wp-content\/uploads\/2025\/09\/Bild_Nov25_Konzert.png 2382w, https:\/\/sinfonia-baden.ch\/wp-content\/uploads\/2025\/09\/Bild_Nov25_Konzert-300x159.png 300w, https:\/\/sinfonia-baden.ch\/wp-content\/uploads\/2025\/09\/Bild_Nov25_Konzert-1024x543.png 1024w, https:\/\/sinfonia-baden.ch\/wp-content\/uploads\/2025\/09\/Bild_Nov25_Konzert-768x407.png 768w, https:\/\/sinfonia-baden.ch\/wp-content\/uploads\/2025\/09\/Bild_Nov25_Konzert-100x53.png 100w, https:\/\/sinfonia-baden.ch\/wp-content\/uploads\/2025\/09\/Bild_Nov25_Konzert-1536x814.png 1536w, https:\/\/sinfonia-baden.ch\/wp-content\/uploads\/2025\/09\/Bild_Nov25_Konzert-2048x1085.png 2048w, https:\/\/sinfonia-baden.ch\/wp-content\/uploads\/2025\/09\/Bild_Nov25_Konzert-1320x699.png 1320w\" sizes=\"auto, (max-width: 547px) 100vw, 547px\" \/><\/h1>\n<h1>\u00ab<strong>Jubil\u00e4um und Tradition\u00bb<\/strong><\/h1>\n<p class=\"cvGsUA direction-ltr align-justify para-style-body\"><span class=\"a_GcMg font-feature-liga-off font-feature-clig-off font-feature-calt-off text-decoration-none text-strikethrough-none\">Was war zur Geburtsstunde der Sinfonia eigentlich los auf den Konzertb\u00fchnen?<\/span><\/p>\n<p class=\"cvGsUA direction-ltr align-justify para-style-body\"><span class=\"a_GcMg font-feature-liga-off font-feature-clig-off font-feature-calt-off text-decoration-none text-strikethrough-none\">Das vielleicht bekannteste Werk, welches das gleiche Geburtsjahr aufweist wie unser Orchester, ist <strong>Felix Mendelssohns Ouvert\u00fcre<\/strong> \u00abEin Sommernachtstraum\u00bb. Als junger Komponist von 17 Jahren und \u00e4usserst interessiert an Shakespeares Theatern, komponiert Mendelssohn eine Ouvert\u00fcre, die bis heute gerne geh\u00f6rt und gespielt wird. Gibt es einen Komponisten mit dem gleichen Jahrgang wie die Sinfonia?<\/span><\/p>\n<p class=\"cvGsUA direction-ltr align-justify para-style-body\"><span class=\"a_GcMg font-feature-liga-off font-feature-clig-off font-feature-calt-off text-decoration-none text-strikethrough-none\">Von den heute noch bekannten Namen kommt wohl <strong>Carl Reinecke<\/strong> mit Jahrgang 1824 am n\u00e4chsten. Heute etwas in Vergessenheit geraten, war er zu Lebzeiten ein gefragter Pianist, Komponist und P\u00e4dagoge \u2013 und \u00fcbrigens einer von Mendelssohns Nachfolgern als Kapellmeister in Leipzig.<\/span><\/p>\n<p class=\"cvGsUA direction-ltr align-justify para-style-body\"><span class=\"a_GcMg font-feature-liga-off font-feature-clig-off font-feature-calt-off text-decoration-none text-strikethrough-none\">Was brauchen wir noch, um ein traditionelles Konzert der Sinfonia zu gestalten? In jedem Konzert begleitet die Sinfonia Baden einen Gastsolisten \u2013 das ist wahrscheinlich unsere \u00e4lteste Konzerttradition. F\u00fcr diesen besonderen Anlass d\u00fcrfen wir unserem Publikum ein Konzert mit <strong>Oliver Schnyder<\/strong> pr\u00e4sentieren. Als K\u00fcnstler mit grosser Verbundenheit zu Baden und gleichzeitig B\u00fchnenpr\u00e4senz in der gesamten Klassik-Welt, macht er unser traditionelles Jubil\u00e4umskonzert zu einem ganz besonderen Highlight in der Geschichte der Sinfonia Baden!<\/span><\/p>\n<p class=\"cvGsUA direction-ltr align-justify para-style-body\"><span class=\"a_GcMg font-feature-liga-off font-feature-clig-off font-feature-calt-off text-decoration-none text-strikethrough-none\">Zu einem Orchester-Jubil\u00e4um geh\u00f6rt ebenfalls ein R\u00fcck- und Ausblick von und \u00fcber das Ensemble. Die Sinfonia Baden wird zu diesem Anlass eine <strong>Festschrift<\/strong> pr\u00e4sentieren, welche Ihnen einen besonderen Einblick ins Leben dieses Klangk\u00f6rpers mitgeben soll. Die Festschrift verkaufen wir am November-Konzert.<\/span><\/p>\n<p>Sie h\u00f6ren am <strong><span class=\"a_GcMg font-feature-liga-off font-feature-clig-off font-feature-calt-off text-decoration-none text-strikethrough-none\">Sonntag, 9. November 2025, 17 Uhr, Kurtheater Baden<\/span><\/strong><\/p>\n<ul>\n<li><span class=\"a_GcMg font-feature-liga-off font-feature-clig-off font-feature-calt-off text-decoration-none text-strikethrough-none\">Felix Mendelssohn-Bartholdy<\/span>, <span class=\"a_GcMg font-feature-liga-off font-feature-clig-off font-feature-calt-off text-decoration-none text-strikethrough-none\">Konzert-Ouvert\u00fcre \u00abSommernachtstraum\u00bb op. 21<\/span><\/li>\n<li><span class=\"a_GcMg font-feature-liga-off font-feature-clig-off font-feature-calt-off text-decoration-none text-strikethrough-none\">Sergej Rachmaninow<\/span>, <span class=\"a_GcMg font-feature-liga-off font-feature-clig-off font-feature-calt-off text-decoration-none text-strikethrough-none\">Konzert f\u00fcr Klavier und Orchester Nr. 2 in c-moll op. 18<\/span><br \/>\nSolist: <strong>Oliver Schnyder<\/strong>, Klavier<\/li>\n<li><span class=\"a_GcMg font-feature-liga-off font-feature-clig-off font-feature-calt-off text-decoration-none text-strikethrough-none\">Carl Reinecke<\/span>, <span class=\"a_GcMg font-feature-liga-off font-feature-clig-off font-feature-calt-off text-decoration-none text-strikethrough-none\">Zweite Sinfonie in c-moll op. 134 \u00abH\u00e5kon Jarl\u00bb<\/span><\/li>\n<\/ul>\n<p>Wir freuen uns auf Ihren Besuch.<\/p>\n<p>Tickets sind auf <a href=\"https:\/\/eventfrog.ch\/sinfonia-baden-200\">Eventfrog <\/a>und im Tourismusb\u00fcro Baden erh\u00e4ltlich.<\/p>\n","protected":false},"excerpt":{"rendered":"<p>\u00abJubil\u00e4um und Tradition\u00bb Was war zur Geburtsstunde der Sinfonia eigentlich los auf den Konzertb\u00fchnen? Das vielleicht bekannteste Werk, welches das gleiche Geburtsjahr aufweist wie unser Orchester, ist Felix Mendelssohns Ouvert\u00fcre \u00abEin Sommernachtstraum\u00bb. Als junger Komponist von 17 Jahren und \u00e4usserst <a class=\"more-link\" href=\"https:\/\/sinfonia-baden.ch\/?page_id=35\">weiterlesen&#8230;<\/a><\/p>\n","protected":false},"author":9,"featured_media":0,"parent":13,"menu_order":3,"comment_status":"closed","ping_status":"closed","template":"","meta":{"footnotes":""},"class_list":["post-35","page","type-page","status-publish","hentry"],"_links":{"self":[{"href":"https:\/\/sinfonia-baden.ch\/index.php?rest_route=\/wp\/v2\/pages\/35","targetHints":{"allow":["GET"]}}],"collection":[{"href":"https:\/\/sinfonia-baden.ch\/index.php?rest_route=\/wp\/v2\/pages"}],"about":[{"href":"https:\/\/sinfonia-baden.ch\/index.php?rest_route=\/wp\/v2\/types\/page"}],"author":[{"embeddable":true,"href":"https:\/\/sinfonia-baden.ch\/index.php?rest_route=\/wp\/v2\/users\/9"}],"replies":[{"embeddable":true,"href":"https:\/\/sinfonia-baden.ch\/index.php?rest_route=%2Fwp%2Fv2%2Fcomments&post=35"}],"version-history":[{"count":70,"href":"https:\/\/sinfonia-baden.ch\/index.php?rest_route=\/wp\/v2\/pages\/35\/revisions"}],"predecessor-version":[{"id":3267,"href":"https:\/\/sinfonia-baden.ch\/index.php?rest_route=\/wp\/v2\/pages\/35\/revisions\/3267"}],"up":[{"embeddable":true,"href":"https:\/\/sinfonia-baden.ch\/index.php?rest_route=\/wp\/v2\/pages\/13"}],"wp:attachment":[{"href":"https:\/\/sinfonia-baden.ch\/index.php?rest_route=%2Fwp%2Fv2%2Fmedia&parent=35"}],"curies":[{"name":"wp","href":"https:\/\/api.w.org\/{rel}","templated":true}]}}