{"id":46,"date":"2016-09-21T23:49:36","date_gmt":"2016-09-21T21:49:36","guid":{"rendered":"http:\/\/sinfonia-baden.ch\/wp_index.php\/?page_id=46"},"modified":"2026-04-10T21:39:38","modified_gmt":"2026-04-10T19:39:38","slug":"vorverkauf","status":"publish","type":"page","link":"https:\/\/sinfonia-baden.ch\/?page_id=46","title":{"rendered":"Vorverkauf"},"content":{"rendered":"<h4>Vorverkauf<\/h4>\n<p>Schon bald m\u00f6glich!<\/p>\n<p>VVK f\u00fcr das Konzert Samstag 13.6.2026: <a href=\"https:\/\/eventfrog.ch\/jubilaeumskonzert1\">eventfrog<\/a>.<\/p>\n<p>VVK f\u00fcr das Konzert Sonntag 14.6.2026: <a href=\"https:\/\/eventfrog.ch\/jubilaeumskonzert2\">eventfrog<\/a>.<\/p>\n<ul>\n<li><span style=\"color: #233764;\">Info Baden Tourist Office<br \/>\n<\/span>Bahnhofplatz 1<br \/>\n5400 Baden<br \/>\nTel +41 56 200 15 30<br \/>\n<a href=\"mailto:info@deinbaden.ch\">info@deinbaden.ch<\/a><\/li>\n<\/ul>\n","protected":false},"excerpt":{"rendered":"<p>Vorverkauf Schon bald m\u00f6glich! VVK f\u00fcr das Konzert Samstag 13.6.2026: eventfrog. VVK f\u00fcr das Konzert Sonntag 14.6.2026: eventfrog. Info Baden Tourist Office Bahnhofplatz 1 5400 Baden Tel +41 56 200 15 30 info@deinbaden.ch<\/p>\n","protected":false},"author":9,"featured_media":0,"parent":1899,"menu_order":0,"comment_status":"closed","ping_status":"closed","template":"","meta":{"footnotes":""},"class_list":["post-46","page","type-page","status-publish","hentry"],"_links":{"self":[{"href":"https:\/\/sinfonia-baden.ch\/index.php?rest_route=\/wp\/v2\/pages\/46","targetHints":{"allow":["GET"]}}],"collection":[{"href":"https:\/\/sinfonia-baden.ch\/index.php?rest_route=\/wp\/v2\/pages"}],"about":[{"href":"https:\/\/sinfonia-baden.ch\/index.php?rest_route=\/wp\/v2\/types\/page"}],"author":[{"embeddable":true,"href":"https:\/\/sinfonia-baden.ch\/index.php?rest_route=\/wp\/v2\/users\/9"}],"replies":[{"embeddable":true,"href":"https:\/\/sinfonia-baden.ch\/index.php?rest_route=%2Fwp%2Fv2%2Fcomments&post=46"}],"version-history":[{"count":71,"href":"https:\/\/sinfonia-baden.ch\/index.php?rest_route=\/wp\/v2\/pages\/46\/revisions"}],"predecessor-version":[{"id":3322,"href":"https:\/\/sinfonia-baden.ch\/index.php?rest_route=\/wp\/v2\/pages\/46\/revisions\/3322"}],"up":[{"embeddable":true,"href":"https:\/\/sinfonia-baden.ch\/index.php?rest_route=\/wp\/v2\/pages\/1899"}],"wp:attachment":[{"href":"https:\/\/sinfonia-baden.ch\/index.php?rest_route=%2Fwp%2Fv2%2Fmedia&parent=46"}],"curies":[{"name":"wp","href":"https:\/\/api.w.org\/{rel}","templated":true}]}}