{"id":646,"date":"2017-01-15T23:19:20","date_gmt":"2017-01-15T22:19:20","guid":{"rendered":"http:\/\/sinfonia-baden.ch\/?page_id=646"},"modified":"2022-06-26T15:14:25","modified_gmt":"2022-06-26T13:14:25","slug":"saison-201617","status":"publish","type":"page","link":"https:\/\/sinfonia-baden.ch\/?page_id=646","title":{"rendered":"Saison 2016\/17"},"content":{"rendered":"<h1>Klangwelten \u2013 Kontraste<\/h1>\n<p><a class=\"pdfLink link\" href=\"https:\/\/sinfonia-baden.ch\/data\/documents\/sinfonia_Konzertzyklus_Mail_A4_low_2016_2017.pdf\" target=\"_blank\" rel=\"noopener noreferrer\">\u00dcbersicht: Konzertzyklus 2016 \u2013 2017 <\/a><\/p>\n<h3>Mit dem Konzert vom 24. Juni 2017, im Zusammenklang mit dem Gregor Loepfe Trio, verabschiedete sich Felicitas Gadient als st\u00e4ndige musikalische Leiterin der <span class=\"sb\">Sinfonia Baden<\/span>.<\/h3>\n<p><strong>No Images.<\/strong><br\/>Please upload images in images manager section. Click on Manage Images button on the right side of the gallery settings.<br \/><strong><\/strong><\/p>\n<p>Bilder vom sinfonia.pers\u00f6nlich-Ap\u00e9ro mit einer Werkeinf\u00fchrung von Gregor Loepfe, vom Konzert und vom anschliessenden Ausklang im Glasfoyer des Kurtheaters.<\/p>\n<p><a href=\"https:\/\/www.aargauerzeitung.ch\/aargau\/baden\/dirigentin-felicitas-gadient-tritt-zurueck-nach-16-jahren-empfindet-sie-dankbarkeit-131439193\" target=\"_blank\" rel=\"noopener noreferrer\">&gt;&gt; Montagsportrait \u00fcber Felicitas Gadient, Aargauer Zeitung \/ Badender Tagblatt, 19.6.2017<\/a><br \/>\n<a href=\"http:\/\/www.effingermedien.ch\/region\/es-ist-ein-guter-moment-zum-aufhoeren\/\" target=\"_blank\" rel=\"noopener noreferrer\">&gt;&gt; Interview mit Felicitas Gadient, Rundschau, Ausgabe Baden, 22.6.2017<\/a><\/p>\n<h1>Klangwelten \u2013 Passion<\/h1>\n<h3>Ausdrucksvoll und dramatisch, virtuos und heiter: Lisa Wyss spielte das Saxophonkonzert von Alexander Glazunov im M\u00e4rzkonzert 2017 der <span class=\"sb\">Sinfonia Baden<\/span><\/h3>\n<p><strong>No Images.<\/strong><br\/>Please upload images in images manager section. Click on Manage Images button on the right side of the gallery settings.<br \/><strong><\/strong><\/p>\n<p>Bilder von der Vorprobe und vom Konzert in der Stadtkirche Baden.<\/p>\n<p>&nbsp;<\/p>\n<h1>Offene Probe f\u00fcr Musiksch\u00fcler und -sch\u00fclerinnen<\/h1>\n<h3>Bereits zum dritten Mal \u00f6ffnete die <span class=\"sb\">Sinfonia Baden<\/span> ein Probenfenster f\u00fcr Musiksch\u00fclerinnen und -sch\u00fcler aus der Region.<\/h3>\n<p><strong>No Images.<\/strong><br\/>Please upload images in images manager section. Click on Manage Images button on the right side of the gallery settings.<br \/><strong><\/strong><\/p>\n<p>Zwischen den Streichern des Orchesters sitzend\u00a0konnten\u00a0die Kinder\u00a0die Probearbeit zusammen mit der Saxophonistin Lisa Wyss aus n\u00e4chster N\u00e4he verfolgen und den Zusammenklang der Instrumente miterleben.<\/p>\n<p>&nbsp;<\/p>\n<h1>Klangwelt \u2013 Tanz<\/h1>\n<h3>Ein \u00fcberraschendes Instrument stand im Zentrum der Saisoner\u00f6ffnung der Sinfonia Baden<\/h3>\n<p><strong>No Images.<\/strong><br\/>Please upload images in images manager section. Click on Manage Images button on the right side of the gallery settings.<br \/><strong><\/strong><\/p>\n<p>Im ersten Konzert der Saison 2016\/17 war Edith Habraken als Solistin im Konzert f\u00fcr Marimba und Orchester von Markus G\u00f6tz zu h\u00f6ren. Sie agierte auf dem Podium mit einer Lockerheit und Souver\u00e4nit\u00e4t, die beinahe vergessen liess, mit welchen technischen Schwierigkeiten\u00a0das Konzert gespickt ist.<\/p>\n","protected":false},"excerpt":{"rendered":"<p>Klangwelten \u2013 Kontraste \u00dcbersicht: Konzertzyklus 2016 \u2013 2017 Mit dem Konzert vom 24. Juni 2017, im Zusammenklang mit dem Gregor Loepfe Trio, verabschiedete sich Felicitas Gadient als st\u00e4ndige musikalische Leiterin der Sinfonia Baden. Bilder vom sinfonia.pers\u00f6nlich-Ap\u00e9ro mit einer Werkeinf\u00fchrung von <a class=\"more-link\" href=\"https:\/\/sinfonia-baden.ch\/?page_id=646\">weiterlesen&#8230;<\/a><\/p>\n","protected":false},"author":9,"featured_media":0,"parent":155,"menu_order":3,"comment_status":"closed","ping_status":"closed","template":"","meta":{"footnotes":""},"class_list":["post-646","page","type-page","status-publish","hentry"],"_links":{"self":[{"href":"https:\/\/sinfonia-baden.ch\/index.php?rest_route=\/wp\/v2\/pages\/646","targetHints":{"allow":["GET"]}}],"collection":[{"href":"https:\/\/sinfonia-baden.ch\/index.php?rest_route=\/wp\/v2\/pages"}],"about":[{"href":"https:\/\/sinfonia-baden.ch\/index.php?rest_route=\/wp\/v2\/types\/page"}],"author":[{"embeddable":true,"href":"https:\/\/sinfonia-baden.ch\/index.php?rest_route=\/wp\/v2\/users\/9"}],"replies":[{"embeddable":true,"href":"https:\/\/sinfonia-baden.ch\/index.php?rest_route=%2Fwp%2Fv2%2Fcomments&post=646"}],"version-history":[{"count":19,"href":"https:\/\/sinfonia-baden.ch\/index.php?rest_route=\/wp\/v2\/pages\/646\/revisions"}],"predecessor-version":[{"id":1822,"href":"https:\/\/sinfonia-baden.ch\/index.php?rest_route=\/wp\/v2\/pages\/646\/revisions\/1822"}],"up":[{"embeddable":true,"href":"https:\/\/sinfonia-baden.ch\/index.php?rest_route=\/wp\/v2\/pages\/155"}],"wp:attachment":[{"href":"https:\/\/sinfonia-baden.ch\/index.php?rest_route=%2Fwp%2Fv2%2Fmedia&parent=646"}],"curies":[{"name":"wp","href":"https:\/\/api.w.org\/{rel}","templated":true}]}}