{"id":84,"date":"2016-09-22T01:22:46","date_gmt":"2016-09-21T23:22:46","guid":{"rendered":"http:\/\/sinfonia-baden.ch\/wp_index.php\/?page_id=84"},"modified":"2024-09-22T16:38:33","modified_gmt":"2024-09-22T14:38:33","slug":"besetzung","status":"publish","type":"page","link":"https:\/\/sinfonia-baden.ch\/?page_id=84","title":{"rendered":"Besetzung"},"content":{"rendered":"<p><strong>1. Violinen<\/strong><br \/>\nRegula Gebhard, <a href=\"https:\/\/sinfonia-baden.ch\/orchester\/konzertmeisterin\/\">Konzertmeisterin <\/a><br \/>\nChristine Acker *<br \/>\nMiriam Arrell<br \/>\nMari IIj\u00e4s<br \/>\nMonika Kappeler-Bischof<br \/>\nSonja Marti<br \/>\nJasmin Steimer<br \/>\n<span class=\"Apple-converted-space\">\u00a0<\/span><\/p>\n<p><strong>2. Violinen<br \/>\n<\/strong>Rebekka Frei<br \/>\nJin Lee<br \/>\nMaja Padiyath<br \/>\nPatrick Ruckli<br \/>\nImke Schnieder<br \/>\nHannah Tompkin<br \/>\nWilly Jarosczinsky *<br \/>\n<span class=\"Apple-converted-space\"><br \/>\n<\/span><\/p>\n<p><strong>Bratschen<br \/>\n<\/strong>Andrea Kessler<br \/>\nChristian Jenny<br \/>\nCelestino Padeste<br \/>\nChristina Ryser<br \/>\n<span class=\"Apple-converted-space\"><br \/>\n<\/span><\/p>\n<p><strong>Celli<\/strong><br \/>\nPatrick Bachmann<br \/>\nGerda Fischer *<br \/>\nJudith Gerhard *<br \/>\nSerena Gr\u00e4del<br \/>\nFrank Jehle<br \/>\nEsther Reimann<br \/>\nSabrina Strub<br \/>\n<span class=\"Apple-converted-space\"><br \/>\n<\/span><\/p>\n<p><strong>Kontrab\u00e4sse<\/strong><br \/>\nProsper Philipp<br \/>\nToma\u017e \u0160u\u0161tar<br \/>\n<span class=\"Apple-converted-space\"><br \/>\n<\/span><\/p>\n<p><strong>Bl\u00e4ser<br \/>\n<\/strong>Andrina M\u00fcller, Fl\u00f6te<br \/>\nSelina Niggli, Fl\u00f6te<br \/>\nPatrik Hunziker *, Oboe<br \/>\nAlena Lava, Oboe<br \/>\nMarianne Rey, Oboe<br \/>\nLorraine Blum *, Klarinette<br \/>\nFranz Schatzmann, Klarinette<br \/>\nFlurin Hidber, Fagott<br \/>\nBart van Damme, Fagott<br \/>\nThomas Hofer, Horn<br \/>\nKathrin Zimmermann, Horn<\/p>\n<p>* <a href=\"https:\/\/sinfonia-baden.ch\/orchester\/vorstand\/\">Mitglied des Vorstandes<\/a><\/p>\n","protected":false},"excerpt":{"rendered":"<p>1. Violinen Regula Gebhard, Konzertmeisterin Christine Acker * Miriam Arrell Mari IIj\u00e4s Monika Kappeler-Bischof Sonja Marti Jasmin Steimer \u00a0 2. Violinen Rebekka Frei Jin Lee Maja Padiyath Patrick Ruckli Imke Schnieder Hannah Tompkin Willy Jarosczinsky * Bratschen Andrea Kessler Christian <a class=\"more-link\" href=\"https:\/\/sinfonia-baden.ch\/?page_id=84\">weiterlesen&#8230;<\/a><\/p>\n","protected":false},"author":9,"featured_media":0,"parent":81,"menu_order":1,"comment_status":"closed","ping_status":"closed","template":"","meta":{"footnotes":""},"class_list":["post-84","page","type-page","status-publish","hentry"],"_links":{"self":[{"href":"https:\/\/sinfonia-baden.ch\/index.php?rest_route=\/wp\/v2\/pages\/84","targetHints":{"allow":["GET"]}}],"collection":[{"href":"https:\/\/sinfonia-baden.ch\/index.php?rest_route=\/wp\/v2\/pages"}],"about":[{"href":"https:\/\/sinfonia-baden.ch\/index.php?rest_route=\/wp\/v2\/types\/page"}],"author":[{"embeddable":true,"href":"https:\/\/sinfonia-baden.ch\/index.php?rest_route=\/wp\/v2\/users\/9"}],"replies":[{"embeddable":true,"href":"https:\/\/sinfonia-baden.ch\/index.php?rest_route=%2Fwp%2Fv2%2Fcomments&post=84"}],"version-history":[{"count":37,"href":"https:\/\/sinfonia-baden.ch\/index.php?rest_route=\/wp\/v2\/pages\/84\/revisions"}],"predecessor-version":[{"id":3159,"href":"https:\/\/sinfonia-baden.ch\/index.php?rest_route=\/wp\/v2\/pages\/84\/revisions\/3159"}],"up":[{"embeddable":true,"href":"https:\/\/sinfonia-baden.ch\/index.php?rest_route=\/wp\/v2\/pages\/81"}],"wp:attachment":[{"href":"https:\/\/sinfonia-baden.ch\/index.php?rest_route=%2Fwp%2Fv2%2Fmedia&parent=84"}],"curies":[{"name":"wp","href":"https:\/\/api.w.org\/{rel}","templated":true}]}}