{"id":87,"date":"2016-09-22T01:29:07","date_gmt":"2016-09-21T23:29:07","guid":{"rendered":"http:\/\/sinfonia-baden.ch\/wp_index.php\/?page_id=87"},"modified":"2022-06-26T17:15:29","modified_gmt":"2022-06-26T15:15:29","slug":"musikalische-leitung","status":"publish","type":"page","link":"https:\/\/sinfonia-baden.ch\/?page_id=87","title":{"rendered":"Musikalische Leitung"},"content":{"rendered":"<h1>Roman Blum, musikalischer Leiter der Sinfonia Baden<strong><br \/>\n<\/strong><\/h1>\n<p><img loading=\"lazy\" decoding=\"async\" class=\"size-medium wp-image-915 alignright\" src=\"https:\/\/sinfonia-baden.ch\/wp-content\/uploads\/2016\/09\/Roman_Blum-227x300.jpg\" alt=\"\" width=\"227\" height=\"300\" \/>Roman Blum wuchs in der Region Baden auf. Nach der Matura in Wettingen studierte er von 2005 bis 2012 an der \u00abHochschule Luzern \u2013 Musik\u00bb Klarinette bei Antony Morf und Paolo Beltramini. Er schloss sein Studium mit dem Master of Arts in Pedagogy (2010) und dem Master of Arts in Performance (2012) ab. Bereits w\u00e4hrend seinem Studium besuchte er\u00a0 Kurse und Workshops zu den Themen Ensembleleitung und Dirigieren, u.a. bei Rainer Peter, Yaira Yonne, Michel Roth und Sascha Armbruster.<\/p>\n<p>Roman Blum unterrichtet an verschiedenen Musikschulen (Menziken AG, Dallenwil NW, Musikschule Uri, Musikschule Konservatorium Z\u00fcrich); neben dem Klarinettenunterricht leitet er auch diverse Ensembles mit Kindern und Jugendlichen. Nebst seiner p\u00e4dagogischen T\u00e4tigkeit spielt er in Kammermusik\u00adformationen (Bl\u00e4serquintett \u00abWindst\u00e4rke 5\u00bb, chammerart), wobei zus\u00e4tzlich zum Spielen auch das Arrangieren und Komponieren in der neuen Volksmusik gefragt ist. Seit einigen Jahren ist er zudem Mitglied des Orchesters der Operette Arth.<\/p>\n<p>Als Zuz\u00fcger wirkt er bei verschiedenen Projekten mit, so beispielsweise beim Kammerorchester 65 Wettingen, beim Orchester Santa Maria Luzern oder beim 21st Century Orchestra. Als Solist hatte er in den letzten Jahren Auftritte mit dem jungen Kammerorchester inTakt, der Stadtmusik Luzern, der Sinfonia Baden und dem Siggenthaler Jugendorchester.<\/p>\n<p>Seit seinem Studium engagiert sich Roman Blum auch in der Leitung von Ensembles und Orchestern. Auf organisatorischer Ebene geschieht dies vor allem beim Kammerorchester inTakt, \u00abWindst\u00e4rke 5\u00bb und bei chammerart. Auf musikalischer Ebene \u00fcbernimmt er bei verschiedensten Formationen die Registerproben oder Stellvertretungen f\u00fcr die Gesamtleitung. Seit August 2013 leitet er die Jugendmusik Altdorf und seit Juni 2017 die Sinfonia Baden.<\/p>\n<h4>Fr\u00fchere musikalische Leiter:<\/h4>\n<p>Felicitas Gadient (2001 \u2013\u00a02017)<br \/>\nAlexandre Clerc (ad interim 2008 \u2013\u00a02009)<br \/>\nAndr\u00e9 Jacot (1981\u00a0\u2013\u00a02000)<br \/>\nRobert Blum (1925 &#8211; 1981)<\/p>\n","protected":false},"excerpt":{"rendered":"<p>Roman Blum, musikalischer Leiter der Sinfonia Baden Roman Blum wuchs in der Region Baden auf. Nach der Matura in Wettingen studierte er von 2005 bis 2012 an der \u00abHochschule Luzern \u2013 Musik\u00bb Klarinette bei Antony Morf und Paolo Beltramini. Er <a class=\"more-link\" href=\"https:\/\/sinfonia-baden.ch\/?page_id=87\">weiterlesen&#8230;<\/a><\/p>\n","protected":false},"author":9,"featured_media":0,"parent":81,"menu_order":1,"comment_status":"closed","ping_status":"closed","template":"","meta":{"footnotes":""},"class_list":["post-87","page","type-page","status-publish","hentry"],"_links":{"self":[{"href":"https:\/\/sinfonia-baden.ch\/index.php?rest_route=\/wp\/v2\/pages\/87","targetHints":{"allow":["GET"]}}],"collection":[{"href":"https:\/\/sinfonia-baden.ch\/index.php?rest_route=\/wp\/v2\/pages"}],"about":[{"href":"https:\/\/sinfonia-baden.ch\/index.php?rest_route=\/wp\/v2\/types\/page"}],"author":[{"embeddable":true,"href":"https:\/\/sinfonia-baden.ch\/index.php?rest_route=\/wp\/v2\/users\/9"}],"replies":[{"embeddable":true,"href":"https:\/\/sinfonia-baden.ch\/index.php?rest_route=%2Fwp%2Fv2%2Fcomments&post=87"}],"version-history":[{"count":19,"href":"https:\/\/sinfonia-baden.ch\/index.php?rest_route=\/wp\/v2\/pages\/87\/revisions"}],"predecessor-version":[{"id":1835,"href":"https:\/\/sinfonia-baden.ch\/index.php?rest_route=\/wp\/v2\/pages\/87\/revisions\/1835"}],"up":[{"embeddable":true,"href":"https:\/\/sinfonia-baden.ch\/index.php?rest_route=\/wp\/v2\/pages\/81"}],"wp:attachment":[{"href":"https:\/\/sinfonia-baden.ch\/index.php?rest_route=%2Fwp%2Fv2%2Fmedia&parent=87"}],"curies":[{"name":"wp","href":"https:\/\/api.w.org\/{rel}","templated":true}]}}