{"id":94,"date":"2016-09-22T01:34:14","date_gmt":"2016-09-21T23:34:14","guid":{"rendered":"http:\/\/sinfonia-baden.ch\/wp_index.php\/?page_id=94"},"modified":"2025-08-24T13:43:22","modified_gmt":"2025-08-24T11:43:22","slug":"konzertmeisterin","status":"publish","type":"page","link":"https:\/\/sinfonia-baden.ch\/?page_id=94","title":{"rendered":"Konzertmeisterin"},"content":{"rendered":"<h2>Regula Gebhard, Konzertmeisterin der Sinfonia Baden<\/h2>\n<p><img loading=\"lazy\" decoding=\"async\" class=\"wp-image-3093  alignright\" src=\"https:\/\/sinfonia-baden.ch\/wp-content\/uploads\/2024\/05\/RegulaGebhard.png\" alt=\"\" width=\"298\" height=\"288\" srcset=\"https:\/\/sinfonia-baden.ch\/wp-content\/uploads\/2024\/05\/RegulaGebhard.png 460w, https:\/\/sinfonia-baden.ch\/wp-content\/uploads\/2024\/05\/RegulaGebhard-300x290.png 300w\" sizes=\"auto, (max-width: 298px) 100vw, 298px\" \/><\/p>\n<p>Regula Gebhard wurde am 8. Juni 1987 in Baden geboren. Mit sieben Jahren nahm sie ihren ersten Violinunterricht an der Musikschule Baden bei Rosemarie Urech und sp\u00e4ter bei Markus Lehmann.<\/p>\n<p>Nach der Matura im Sommer 2007 begann sie ihr SMPV-Berufs- Musikstudium mit Hauptfach Violine bei Karel Boeschoten. Sie wechselte 2009 an die Hochschule Luzern zu Brian Dean und erlangte 2012 den Bachelor of Arts in Music und 2015 den Master of Arts in Musikp\u00e4dagogik Schulmusik II. Ein Jahr sp\u00e4ter schloss sie bei Igor Karsko den Master of Arts in Musikp\u00e4dagogik Violine ab.<\/p>\n<p>Seit der Saison 2013\/14 ist sie Konzertmeisterin in der Sinfonia Baden. Sie unterrichtet als Violin- und Violalehrerin an der Musikschule Seon und als Schulmusikerin an der Oberstufe Seon und an der Bezirksschule Muri.<\/p>\n<p>&nbsp;<\/p>\n","protected":false},"excerpt":{"rendered":"<p>Regula Gebhard, Konzertmeisterin der Sinfonia Baden Regula Gebhard wurde am 8. Juni 1987 in Baden geboren. Mit sieben Jahren nahm sie ihren ersten Violinunterricht an der Musikschule Baden bei Rosemarie Urech und sp\u00e4ter bei Markus Lehmann. Nach der Matura im <a class=\"more-link\" href=\"https:\/\/sinfonia-baden.ch\/?page_id=94\">weiterlesen&#8230;<\/a><\/p>\n","protected":false},"author":9,"featured_media":0,"parent":81,"menu_order":3,"comment_status":"closed","ping_status":"closed","template":"","meta":{"footnotes":""},"class_list":["post-94","page","type-page","status-publish","hentry"],"_links":{"self":[{"href":"https:\/\/sinfonia-baden.ch\/index.php?rest_route=\/wp\/v2\/pages\/94","targetHints":{"allow":["GET"]}}],"collection":[{"href":"https:\/\/sinfonia-baden.ch\/index.php?rest_route=\/wp\/v2\/pages"}],"about":[{"href":"https:\/\/sinfonia-baden.ch\/index.php?rest_route=\/wp\/v2\/types\/page"}],"author":[{"embeddable":true,"href":"https:\/\/sinfonia-baden.ch\/index.php?rest_route=\/wp\/v2\/users\/9"}],"replies":[{"embeddable":true,"href":"https:\/\/sinfonia-baden.ch\/index.php?rest_route=%2Fwp%2Fv2%2Fcomments&post=94"}],"version-history":[{"count":17,"href":"https:\/\/sinfonia-baden.ch\/index.php?rest_route=\/wp\/v2\/pages\/94\/revisions"}],"predecessor-version":[{"id":3251,"href":"https:\/\/sinfonia-baden.ch\/index.php?rest_route=\/wp\/v2\/pages\/94\/revisions\/3251"}],"up":[{"embeddable":true,"href":"https:\/\/sinfonia-baden.ch\/index.php?rest_route=\/wp\/v2\/pages\/81"}],"wp:attachment":[{"href":"https:\/\/sinfonia-baden.ch\/index.php?rest_route=%2Fwp%2Fv2%2Fmedia&parent=94"}],"curies":[{"name":"wp","href":"https:\/\/api.w.org\/{rel}","templated":true}]}}